{"id":797,"date":"2023-04-27T11:40:41","date_gmt":"2023-04-27T09:40:41","guid":{"rendered":"http:\/\/jcee.wsgk.com.pl\/?page_id=797"},"modified":"2023-05-08T09:13:52","modified_gmt":"2023-05-08T07:13:52","slug":"2020-2","status":"publish","type":"page","link":"https:\/\/jcee.wsgk.com.pl\/?page_id=797","title":{"rendered":"2020"},"content":{"rendered":"\n<h2 class=\"wp-block-heading\">NUMBER-13:<\/h2>\n\n\n\n<p><a href=\"https:\/\/jcee.wsgk.com.pl\/?page_id=1233\"><strong><em>Julija Slipetska<\/em><br><\/strong>Theoretical and Methodological Grounds of Public Opinion Researchin Ukraine.<\/a><\/p>\n\n\n\n<hr class=\"wp-block-separator has-alpha-channel-opacity is-style-wide\"\/>\n\n\n\n<p><a href=\"https:\/\/jcee.wsgk.com.pl\/?page_id=1238\"><strong><em>Anatoliy Romanyuk<\/em><br><\/strong>Features of electoral volatility at the regional level in ukraine according to the results of the parliamentary elections of 2012\/2014 and 2014\/2019.<\/a><\/p>\n\n\n\n<hr class=\"wp-block-separator has-alpha-channel-opacity is-style-wide\"\/>\n\n\n\n<p><a href=\"https:\/\/jcee.wsgk.com.pl\/?page_id=1245\"><strong><em>Adam Rogala-Lewicki<\/em><br><\/strong>Participation of intelligence services in political decision-making process \u2013 evolution of coordination patterns in Poland.<\/a><\/p>\n\n\n\n<hr class=\"wp-block-separator has-alpha-channel-opacity is-style-wide\"\/>\n\n\n\n<p><a href=\"https:\/\/jcee.wsgk.com.pl\/?page_id=1251\"><strong><em>Anastasia Repetska<\/em><br><\/strong>Causes of conflicts in the interaction between the legislative and executive branches of Ukraine.<\/a><\/p>\n\n\n\n<hr class=\"wp-block-separator has-alpha-channel-opacity is-style-wide\"\/>\n\n\n\n<p><a href=\"https:\/\/jcee.wsgk.com.pl\/?page_id=1256\"><strong><em>Nadija Panczak-Bia\u0142ob\u0142ocka<\/em><br><\/strong>Parliamentary opposition and its influence and dividends from the formation and functioning of minority governments in European parliamentary democracies.<\/a><\/p>\n\n\n\n<hr class=\"wp-block-separator has-alpha-channel-opacity is-style-wide\"\/>\n\n\n\n<p><a href=\"https:\/\/jcee.wsgk.com.pl\/?page_id=1263\"><strong><em>Aneta Moszczy\u0144ska<\/em><br><\/strong>The principles and mechanisms of portfolio allocation and maintaining balance between government coalitions\u2019 partners: theoretical and practical contexts.<\/a><\/p>\n\n\n\n<hr class=\"wp-block-separator has-alpha-channel-opacity is-style-wide\"\/>\n\n\n\n<p><a href=\"https:\/\/jcee.wsgk.com.pl\/?page_id=1269\"><strong><em>Vitaliy Lytvyn<\/em><br><\/strong>Conditionality, factors and indicators of heterogeneity and typologization of semi-presidential system of government.<\/a><\/p>\n\n\n\n<hr class=\"wp-block-separator has-alpha-channel-opacity is-style-wide\"\/>\n\n\n\n<p><a href=\"https:\/\/jcee.wsgk.com.pl\/?page_id=1275\"><strong><em>Andrii Konet<\/em><br><\/strong>Influence of manipulative electoral technologies on the political values of the population.<\/a><\/p>\n\n\n\n<hr class=\"wp-block-separator has-alpha-channel-opacity is-style-wide\"\/>\n\n\n\n<p><a href=\"https:\/\/jcee.wsgk.com.pl\/?page_id=1282\"><strong><em>Ruslana Klym<\/em><br><\/strong>The role of political parties in the European integration processes of the republic of Bulgaria.<\/a><\/p>\n\n\n\n<hr class=\"wp-block-separator has-alpha-channel-opacity is-style-wide\"\/>\n\n\n\n<p><a href=\"https:\/\/jcee.wsgk.com.pl\/?page_id=1289\"><strong><em>Nina Hetmantseva, Oksana Kiriiak<\/em><br><\/strong>Discrimination on the grounds of sexual orientation and gender identity in Ukraine.<\/a><\/p>\n\n\n\n<hr class=\"wp-block-separator has-alpha-channel-opacity is-style-wide\"\/>\n\n\n\n<p><a href=\"https:\/\/jcee.wsgk.com.pl\/?page_id=1296\"><strong><em>Oleksandra Cholovska<\/em><br><\/strong>The influence of elections and electoral systems on the nationalization and\/or denationalization of regional political process: theorization and empirical manifestations on the example of Poland and Hungary.<\/a><\/p>\n\n\n\n<hr class=\"wp-block-separator has-alpha-channel-opacity is-style-wide\"\/>\n\n\n\n<p><a href=\"https:\/\/jcee.wsgk.com.pl\/?page_id=1303\"><strong><em>Zbigniew Bia\u0142ob\u0142ocki<\/em><br><\/strong>Institutional factors and dimensions of stability of governments and political systems: theoretical and methodological context.<\/a><\/p>\n\n\n\n<hr class=\"wp-block-separator has-alpha-channel-opacity is-style-wide\"\/>\n\n\n\n<p><a href=\"https:\/\/jcee.wsgk.com.pl\/?page_id=1309\"><strong><em>Tomasz Bia\u0142ob\u0142ocki<\/em><br><\/strong>On the essence of subjectivity and subjectivation of national minorities in ethnopolitical process: theoretization on the background of events in Ukraine.<\/a><\/p>\n\n\n\n<hr class=\"wp-block-separator has-alpha-channel-opacity is-style-wide\"\/>\n\n\n\n<p><a href=\"https:\/\/jcee.wsgk.com.pl\/?page_id=1321\"><strong><em>Krzysztof Bia\u0142ob\u0142ocki<\/em><br><\/strong>Immigration processes in Slovakia and the Czech Republic: profiles, similarities and differences.<\/a><\/p>\n\n\n\n<hr class=\"wp-block-separator has-alpha-channel-opacity is-style-wide\"\/>\n\n\n\n<p><a href=\"https:\/\/jcee.wsgk.com.pl\/?page_id=1328\"><strong><em>S\u0142awomira Bia\u0142ob\u0142ocka, Aleksandra Ancerowicz<\/em><br><\/strong>Party determinants of formation, functioning and stability of governmental cabinets in parliamentary democracies: theoretical and methodological cut.<\/a><\/p>\n\n\n\n<hr class=\"wp-block-separator has-alpha-channel-opacity is-style-wide\"\/>\n\n\n\n<p><a href=\"https:\/\/jcee.wsgk.com.pl\/?page_id=1334\"><strong><em>Magdalena Bia\u0142ob\u0142ocka<\/em><br><\/strong>The consequences and effects of modernization and development of transport logistics, infrastructure and system in the countries of the Visegrad group: theoretical and practical contexts.<\/a><\/p>\n\n\n\n<hr class=\"wp-block-separator has-alpha-channel-opacity is-style-wide\"\/>\n\n\n\n<h2 class=\"wp-block-heading\">NUMBER-14:<\/h2>\n\n\n\n<p><a href=\"https:\/\/jcee.wsgk.com.pl\/?page_id=1126\"><strong><em>Anatoliy Romanyuk<\/em><br><\/strong>To determine the indicators and format of the regional, regionalized and local party in Ukraine.<\/a><\/p>\n\n\n\n<hr class=\"wp-block-separator has-alpha-channel-opacity is-style-wide\"\/>\n\n\n\n<p><a href=\"https:\/\/jcee.wsgk.com.pl\/?page_id=1134\"><strong><em>Adam Rogala-Lewicki<\/em><br><\/strong>Classified methods of collecting information on the citizens \u2013comparative legal study of invigilation in Poland.<\/a><\/p>\n\n\n\n<hr class=\"wp-block-separator has-alpha-channel-opacity is-style-wide\"\/>\n\n\n\n<p><a href=\"https:\/\/jcee.wsgk.com.pl\/?page_id=1141\"><strong><em>Liudmyla Pavlovych, Petro Nikiforov<\/em><br><\/strong>Income tax as a component of financial capacity of new amalgamated communities in Ukraine.<\/a><\/p>\n\n\n\n<hr class=\"wp-block-separator has-alpha-channel-opacity is-style-wide\"\/>\n\n\n\n<p><a href=\"https:\/\/jcee.wsgk.com.pl\/?page_id=1147\"><strong><em>Nadija Panczak-Bia\u0142ob\u0142ocka<\/em><br><\/strong>History, paradigms, perspectives and features of the study of minority governments in contemporary political science: theoretical and methodological context.<\/a><\/p>\n\n\n\n<hr class=\"wp-block-separator has-alpha-channel-opacity is-style-wide\"\/>\n\n\n\n<p><a href=\"https:\/\/jcee.wsgk.com.pl\/?page_id=1153\"><strong><em>Aneta Moszczy\u0144ska<\/em><br><\/strong>Institutional and non-institutional preconditions and features of the origin and endogeneity of electoral systems: theoretical and methodological contexts.<\/a><\/p>\n\n\n\n<hr class=\"wp-block-separator has-alpha-channel-opacity is-style-wide\"\/>\n\n\n\n<p><a href=\"https:\/\/jcee.wsgk.com.pl\/?page_id=1160\"><strong><em>Vitaliy Lytvyn<\/em><br><\/strong>Features and types of governmental cabinets as descriptors of semi-presidential system of government in European countries.<\/a><\/p>\n\n\n\n<hr class=\"wp-block-separator has-alpha-channel-opacity is-style-wide\"\/>\n\n\n\n<p><a href=\"https:\/\/jcee.wsgk.com.pl\/?page_id=1165\"><strong><em>Maryan Lopata, Mykhailo Halushchak<\/em><br><\/strong>Political preferences of Ukrainian national minority in Poland in 2001-2011 parliamentary elections on the basis of national census.<\/a><\/p>\n\n\n\n<hr class=\"wp-block-separator has-alpha-channel-opacity is-style-wide\"\/>\n\n\n\n<p><a href=\"https:\/\/jcee.wsgk.com.pl\/?page_id=1172\"><strong><em>Tamara Kozak<\/em><br><\/strong>Factors and consequences of the relationship between language and politics and parameters of language competition in international relations: structuring on the example of the European Union.<\/a><\/p>\n\n\n\n<hr class=\"wp-block-separator has-alpha-channel-opacity is-style-wide\"\/>\n\n\n\n<p><a href=\"https:\/\/jcee.wsgk.com.pl\/?page_id=1177\"><strong><em>Haponenko Vira Anatoliyvna<\/em><br><\/strong>The peculiarities of hybrid institutionalization and prospects for democratization of political system of Ukraine.<\/a><\/p>\n\n\n\n<hr class=\"wp-block-separator has-alpha-channel-opacity is-style-wide\"\/>\n\n\n\n<p><a href=\"https:\/\/jcee.wsgk.com.pl\/?page_id=1184\"><strong><em>Tetiana Fedorchak<\/em><br><\/strong>Dynamics of the development of information society in the Czech Republic.<\/a><\/p>\n\n\n\n<hr class=\"wp-block-separator has-alpha-channel-opacity is-style-wide\"\/>\n\n\n\n<p><a href=\"https:\/\/jcee.wsgk.com.pl\/?page_id=1189\"><strong><em>Oleh Burdyak<\/em><br><\/strong>Marketing communications: innovative approaches to their formation and application tools.<\/a><\/p>\n\n\n\n<hr class=\"wp-block-separator has-alpha-channel-opacity is-style-wide\"\/>\n\n\n\n<p><a href=\"https:\/\/jcee.wsgk.com.pl\/?page_id=1196\"><strong><em>Vira Burdiak<\/em><br><\/strong>Impact of European integration on the transformation of the media of the republic of Bulgaria.<\/a><\/p>\n\n\n\n<hr class=\"wp-block-separator has-alpha-channel-opacity is-style-wide\"\/>\n\n\n\n<p><a href=\"https:\/\/jcee.wsgk.com.pl\/?page_id=1202\"><strong><em>Zbigniew Bia\u0142ob\u0142ocki<\/em><br><\/strong>Efficiency of governments and its factors: theoretical and methodological context and some manifestations on the example of eastern European countries.<\/a><\/p>\n\n\n\n<hr class=\"wp-block-separator has-alpha-channel-opacity is-style-wide\"\/>\n\n\n\n<p><a href=\"https:\/\/jcee.wsgk.com.pl\/?page_id=1208\"><strong><em>Tomasz Bia\u0142ob\u0142ocki<\/em><br><\/strong>History of autonomist and separatist tendencies and peculiarities of the subjectification of ethnic Russians in Crimea on the eve of its annexation by Russia (1988\u20132013).<\/a><\/p>\n\n\n\n<hr class=\"wp-block-separator has-alpha-channel-opacity is-style-wide\"\/>\n\n\n\n<p><a href=\"https:\/\/jcee.wsgk.com.pl\/?page_id=1213\"><strong><em>Krzysztof Bia\u0142ob\u0142ocki<\/em><br><\/strong>Legal basis for regulating migration and migration processes in the European union on the eve of the European \u201cmigration crisis\u201d.<\/a><\/p>\n\n\n\n<hr class=\"wp-block-separator has-alpha-channel-opacity is-style-wide\"\/>\n\n\n\n<p><a href=\"https:\/\/jcee.wsgk.com.pl\/?page_id=1219\"><strong><em>S\u0142awomira Bia\u0142ob\u0142ocka<\/em><br><\/strong>Institutional features of political process and government stability: parameters of the relationship.<\/a><\/p>\n\n\n\n<hr class=\"wp-block-separator has-alpha-channel-opacity is-style-wide\"\/>\n\n\n\n<p><a href=\"https:\/\/jcee.wsgk.com.pl\/?page_id=1225\"><strong><em>Magdalena Bia\u0142ob\u0142ocka<\/em><br><\/strong>Features and state of development of freight and passenger transportation by rail in the countries of the Visegrad Group.<\/a><\/p>\n\n\n\n<hr class=\"wp-block-separator has-alpha-channel-opacity is-style-wide\"\/>\n","protected":false},"excerpt":{"rendered":"<p>NUMBER-13: Julija SlipetskaTheoretical and Methodological Grounds of Public Opinion Researchin Ukraine. Anatoliy RomanyukFeatures of electoral volatility at the regional level in ukraine according to the results of the parliamentary elections of 2012\/2014 and 2014\/2019. Adam Rogala-LewickiParticipation of intelligence services in political decision-making<\/p>\n<p class=\"link-more\"><a class=\"myButt \" href=\"https:\/\/jcee.wsgk.com.pl\/?page_id=797\">Read More<\/a><\/p>\n","protected":false},"author":1,"featured_media":0,"parent":0,"menu_order":0,"comment_status":"closed","ping_status":"closed","template":"","meta":{"footnotes":""},"class_list":["post-797","page","type-page","status-publish","hentry"],"_links":{"self":[{"href":"https:\/\/jcee.wsgk.com.pl\/index.php?rest_route=\/wp\/v2\/pages\/797"}],"collection":[{"href":"https:\/\/jcee.wsgk.com.pl\/index.php?rest_route=\/wp\/v2\/pages"}],"about":[{"href":"https:\/\/jcee.wsgk.com.pl\/index.php?rest_route=\/wp\/v2\/types\/page"}],"author":[{"embeddable":true,"href":"https:\/\/jcee.wsgk.com.pl\/index.php?rest_route=\/wp\/v2\/users\/1"}],"replies":[{"embeddable":true,"href":"https:\/\/jcee.wsgk.com.pl\/index.php?rest_route=%2Fwp%2Fv2%2Fcomments&post=797"}],"version-history":[{"count":41,"href":"https:\/\/jcee.wsgk.com.pl\/index.php?rest_route=\/wp\/v2\/pages\/797\/revisions"}],"predecessor-version":[{"id":1336,"href":"https:\/\/jcee.wsgk.com.pl\/index.php?rest_route=\/wp\/v2\/pages\/797\/revisions\/1336"}],"wp:attachment":[{"href":"https:\/\/jcee.wsgk.com.pl\/index.php?rest_route=%2Fwp%2Fv2%2Fmedia&parent=797"}],"curies":[{"name":"wp","href":"https:\/\/api.w.org\/{rel}","templated":true}]}}