{"id":796,"date":"2023-04-27T11:40:41","date_gmt":"2023-04-27T09:40:41","guid":{"rendered":"http:\/\/jcee.wsgk.com.pl\/?page_id=796"},"modified":"2023-05-09T07:34:21","modified_gmt":"2023-05-09T05:34:21","slug":"2019-2","status":"publish","type":"page","link":"https:\/\/jcee.wsgk.com.pl\/?page_id=796","title":{"rendered":"2019"},"content":{"rendered":"\n<h2 class=\"wp-block-heading\">NUMBER-11:<\/h2>\n\n\n\n<p><a href=\"https:\/\/jcee.wsgk.com.pl\/?page_id=1344\"><strong><em>Zbigniew Bartosiak<\/em><br><\/strong><em>State Police in the Second Republic of Poland<\/em>.<\/a><\/p>\n\n\n\n<hr class=\"wp-block-separator has-alpha-channel-opacity is-style-wide\"\/>\n\n\n\n<p><a href=\"https:\/\/jcee.wsgk.com.pl\/?page_id=1348\"><strong><em>S\u0142awomira Bia\u0142ob\u0142ocka<\/em><br><\/strong>The models of coalitional process in the formation of governmental cabinets: theoretical cut and review of literature.<\/a><\/p>\n\n\n\n<hr class=\"wp-block-separator has-alpha-channel-opacity is-style-wide\"\/>\n\n\n\n<p><a href=\"https:\/\/jcee.wsgk.com.pl\/?page_id=1361\"><strong><em>Krzysztof Bia\u0142ob\u0142ocki<\/em><br><\/strong>The features, statistics and varietie of emigration processes in the countries of the Visegrad group.<\/a><\/p>\n\n\n\n<hr class=\"wp-block-separator has-alpha-channel-opacity is-style-wide\"\/>\n\n\n\n<p><a href=\"https:\/\/jcee.wsgk.com.pl\/?page_id=1366\"><strong><em>Tomasz Bia\u0142ob\u0142ocki<\/em><br><\/strong>The features, preconditions and consequences of the russians\u2019 ethnic identity and polarization in the post- soviet countries (1991-2000).<\/a><\/p>\n\n\n\n<hr class=\"wp-block-separator has-alpha-channel-opacity is-style-wide\"\/>\n\n\n\n<p><a href=\"https:\/\/jcee.wsgk.com.pl\/?page_id=1373\"><strong><em>Tomasz Bia\u0142ob\u0142ocki<\/em><br><\/strong>The prerequisites and peculiarities of the development and modernization of transport system, logistics and infrastructure in the countries of visegrad group: from the period of postcommunism to the present time.<\/a><\/p>\n\n\n\n<hr class=\"wp-block-separator has-alpha-channel-opacity is-style-wide\"\/>\n\n\n\n<p><a href=\"https:\/\/jcee.wsgk.com.pl\/?page_id=1378\"><strong><em>Zbigniew Bia\u0142ob\u0142ocki<\/em><br><\/strong>The features of the method and methodology of studying the stability and efficiency of governments in comparative political science: theoretical cut.<\/a><\/p>\n\n\n\n<hr class=\"wp-block-separator has-alpha-channel-opacity is-style-wide\"\/>\n\n\n\n<p><a href=\"https:\/\/jcee.wsgk.com.pl\/?page_id=1385\"><strong><em>Bula S., Hnatiuk V.<\/em><br><\/strong>The concept of \u201clocal democracy\u201d within the framework of the deployment of institutional and legal forms of local self-government: correlation, formalization and schematization of the main concepts.<\/a><\/p>\n\n\n\n<hr class=\"wp-block-separator has-alpha-channel-opacity is-style-wide\"\/>\n\n\n\n<p><a href=\"https:\/\/jcee.wsgk.com.pl\/?page_id=1391\"><strong><em>Vira Burdyak<\/em><br><\/strong>The characteristics of the activities of modern political parties and the development of the party system in the republic of Bulgaria.<\/a><\/p>\n\n\n\n<hr class=\"wp-block-separator has-alpha-channel-opacity is-style-wide\"\/>\n\n\n\n<p><a href=\"https:\/\/jcee.wsgk.com.pl\/?page_id=1397\"><strong><em>Irena Ga\u0142ka<\/em><br><\/strong>Electoral success and ideologies of agrarian parties in central-eastern European parliamentary democracies (1990\u20132015).<\/a><\/p>\n\n\n\n<hr class=\"wp-block-separator has-alpha-channel-opacity is-style-wide\"\/>\n\n\n\n<p><a href=\"https:\/\/jcee.wsgk.com.pl\/?page_id=1403\"><strong><em>Adam Krzymowski, Kinga Krzymowska<\/em><br><\/strong>Lisbon Treaty (2009-2019) on the Journey to Achieve the European Union as an Effective Global Actor.<\/a><\/p>\n\n\n\n<hr class=\"wp-block-separator has-alpha-channel-opacity is-style-wide\"\/>\n\n\n\n<p><a href=\"https:\/\/jcee.wsgk.com.pl\/?page_id=1409\"><strong><em>Vitaliy Lytvyn<\/em><br><\/strong>The evolution, logics, variations and improving of the actual (political and behavioral) typology of semi- presidentialism: the organization and manifestations on the example of the European countries.<\/a><\/p>\n\n\n\n<hr class=\"wp-block-separator has-alpha-channel-opacity is-style-wide\"\/>\n\n\n\n<p><a href=\"https:\/\/jcee.wsgk.com.pl\/?page_id=1415\"><strong><em>Sv\u0456tlana Matv\u0456ienk\u0456v, Olha Anisimovych-Shevchuk<\/em><br><\/strong>Influence of external and internal factors on the information space of modern-day Ukraine.<\/a><\/p>\n\n\n\n<hr class=\"wp-block-separator has-alpha-channel-opacity is-style-wide\"\/>\n\n\n\n<p><a href=\"https:\/\/jcee.wsgk.com.pl\/?page_id=1420\"><strong><em>Aneta Moszczy\u0144ska<\/em><br><\/strong>Party and ideological polarization, proximity and convergence: theorization in a two-party and multi- party electoral and government competition.<\/a><\/p>\n\n\n\n<hr class=\"wp-block-separator has-alpha-channel-opacity is-style-wide\"\/>\n\n\n\n<p><a href=\"https:\/\/jcee.wsgk.com.pl\/?page_id=1424\"><strong><em>Nadia Panchak-Bia\u0142ob\u0142ocka<\/em><br><\/strong>Party and ideological determination and positioning of minority governments in european parliamentary democracies.<\/a><\/p>\n\n\n\n<hr class=\"wp-block-separator has-alpha-channel-opacity is-style-wide\"\/>\n\n\n\n<p><a href=\"https:\/\/jcee.wsgk.com.pl\/?page_id=1432\"><strong><em>Anatoliy Romanyuk<\/em><br><\/strong>Shift in Electoral Support at the 2019 Presidential and SnapParliamentary Elections in Ukraine.<\/a><\/p>\n\n\n\n<hr class=\"wp-block-separator has-alpha-channel-opacity is-style-wide\"\/>\n\n\n\n<p><a href=\"https:\/\/jcee.wsgk.com.pl\/?page_id=1437\"><strong><em>Victoriya V. R\u0456eznikova, Iryna M. Kravets<\/em><br><\/strong>Risk management in business: the problems of regulatory framework.<\/a><\/p>\n\n\n\n<hr class=\"wp-block-separator has-alpha-channel-opacity is-style-wide\"\/>\n\n\n\n<p><a href=\"https:\/\/jcee.wsgk.com.pl\/?page_id=1443\"><strong><em>Oksana Szurko, Switlana Bula<\/em><br><\/strong>Myth as an instrument of political manipulation.<\/a><\/p>\n\n\n\n<hr class=\"wp-block-separator has-alpha-channel-opacity is-style-wide\"\/>\n\n\n\n<h2 class=\"wp-block-heading\">NUMBER-12:<\/h2>\n\n\n\n<p><a href=\"https:\/\/jcee.wsgk.com.pl\/?page_id=1455\"><strong><em>Zbigniew Bartosiak<\/em><br><\/strong>Before the State Police. Formation genesis.<\/a><\/p>\n\n\n\n<hr class=\"wp-block-separator has-alpha-channel-opacity is-style-wide\"\/>\n\n\n\n<p><a href=\"https:\/\/jcee.wsgk.com.pl\/?page_id=1460\"><strong><em>Magdalena Bia\u0142ob\u0142ocka<\/em><br><\/strong>Financial and investment preconditions and features of development and modernization of transport logistics, infrastructure and system in the Visegrad group countries.<\/a><\/p>\n\n\n\n<hr class=\"wp-block-separator has-alpha-channel-opacity is-style-wide\"\/>\n\n\n\n<p><a href=\"https:\/\/jcee.wsgk.com.pl\/?page_id=1467\"><strong><em>S\u0142awomira Bia\u0142ob\u0142ocka<\/em><br><\/strong>The models of formation of coalition governments and cooperation of their participants in multiparty conditions: theoretical and practical manifestations.<\/a><\/p>\n\n\n\n<hr class=\"wp-block-separator has-alpha-channel-opacity is-style-wide\"\/>\n\n\n\n<p><a href=\"https:\/\/jcee.wsgk.com.pl\/?page_id=1473\"><strong><em>Krzysztof Bia\u0142ob\u0142ocki<\/em><br><\/strong>The causes and consequences of emigration and emigration processes in the visegrad group countries: a cross-regional comparative analysis.<\/a><\/p>\n\n\n\n<hr class=\"wp-block-separator has-alpha-channel-opacity is-style-wide\"\/>\n\n\n\n<p><a href=\"https:\/\/jcee.wsgk.com.pl\/?page_id=1479\"><strong><em>Tomasz Bia\u0142ob\u0142ocki<\/em><br><\/strong>The history of socio-political forms of subjectivation and politicization of the Russian ethnic community in Crimea before its annexation by Russia (1989\u20132013).<\/a><\/p>\n\n\n\n<hr class=\"wp-block-separator has-alpha-channel-opacity is-style-wide\"\/>\n\n\n\n<p><a href=\"https:\/\/jcee.wsgk.com.pl\/?page_id=1485\"><strong><em>Zbigniew Bia\u0142ob\u0142ocki<\/em><br><\/strong>Political, social and economic dimensions of government stability: a theoretical and methodological perspective.<\/a><\/p>\n\n\n\n<hr class=\"wp-block-separator has-alpha-channel-opacity is-style-wide\"\/>\n\n\n\n<p><a href=\"https:\/\/jcee.wsgk.com.pl\/?page_id=1491\"><strong><em>Vira Burdiak<\/em><br><\/strong>New messages of the Bulgarian political parties and their impact on the electoral preferences of the society.<\/a><\/p>\n\n\n\n<hr class=\"wp-block-separator has-alpha-channel-opacity is-style-wide\"\/>\n\n\n\n<p><a href=\"https:\/\/jcee.wsgk.com.pl\/?page_id=1497\"><strong><em>Witalij Diakiw<\/em><br><\/strong>The stages of formation and features of the administrative and territorial system and the importance of decentralization of power in France.<\/a><\/p>\n\n\n\n<hr class=\"wp-block-separator has-alpha-channel-opacity is-style-wide\"\/>\n\n\n\n<p><a href=\"https:\/\/jcee.wsgk.com.pl\/?page_id=1502\"><strong><em>Tetiana Fedorchak<\/em><br><\/strong>Activities of the civil society organizations in the Czech Republic.<\/a><\/p>\n\n\n\n<hr class=\"wp-block-separator has-alpha-channel-opacity is-style-wide\"\/>\n\n\n\n<p><a href=\"https:\/\/jcee.wsgk.com.pl\/?page_id=1508\"><strong><em>Haponenko Vira Anatoliyvna<\/em><br><\/strong>The peculiarities of hybrid institutionalization and prospects for democratization of political system of Ukraine.<\/a><\/p>\n\n\n\n<hr class=\"wp-block-separator has-alpha-channel-opacity is-style-wide\"\/>\n\n\n\n<p><a href=\"https:\/\/jcee.wsgk.com.pl\/?page_id=1515\"><strong><em>Tamara Kozak<\/em><br><\/strong>Language, politics and power: theoretical, methodological, practical and empirical parameters of relationship.<\/a><\/p>\n\n\n\n<hr class=\"wp-block-separator has-alpha-channel-opacity is-style-wide\"\/>\n\n\n\n<p><a href=\"https:\/\/jcee.wsgk.com.pl\/?page_id=1522\"><strong><em>Vitaliy Lytvyn<\/em><br><\/strong>The framework, way of election, legitimacy and powers of presidents as institutional, procedural, political and behavioral attributes of the European semi-presidentialism.<\/a><\/p>\n\n\n\n<hr class=\"wp-block-separator has-alpha-channel-opacity is-style-wide\"\/>\n\n\n\n<p><a href=\"https:\/\/jcee.wsgk.com.pl\/?page_id=1528\"><strong><em>Aneta Moszczy\u0144ska<\/em><br><\/strong>Theoretical and methodological principles of the study of ministerial stability, reshuffles and turnover.<\/a><\/p>\n\n\n\n<hr class=\"wp-block-separator has-alpha-channel-opacity is-style-wide\"\/>\n\n\n\n<p><a href=\"https:\/\/jcee.wsgk.com.pl\/?page_id=1533\"><strong><em>Nadia Panchak-Bia\u0142ob\u0142ocka<\/em><br><\/strong>The features of minority governments through the prism of party systems of the European parliamentary democracies.<\/a><\/p>\n\n\n\n<hr class=\"wp-block-separator has-alpha-channel-opacity is-style-wide\"\/>\n\n\n\n<p><a href=\"https:\/\/jcee.wsgk.com.pl\/?page_id=1539\"><strong><em>Julia Slipetska<\/em><br><\/strong>Comparative analysis of political cleavages in the countries of east and central Europe.<\/a><\/p>\n\n\n\n<hr class=\"wp-block-separator has-alpha-channel-opacity is-style-wide\"\/>\n\n\n\n<p><a href=\"https:\/\/jcee.wsgk.com.pl\/?page_id=1545\"><strong><em>Oleg Volskyi<\/em><br><\/strong>Decentralization of local government in Ukraine as a problem of political science: theoretical characteristics of the study, normative-legal basis and influence of other countries experience.<\/a><\/p>\n\n\n\n<hr class=\"wp-block-separator has-alpha-channel-opacity is-style-wide\"\/>\n","protected":false},"excerpt":{"rendered":"<p>NUMBER-11: Zbigniew BartosiakState Police in the Second Republic of Poland. S\u0142awomira Bia\u0142ob\u0142ockaThe models of coalitional process in the formation of governmental cabinets: theoretical cut and review of literature. Krzysztof Bia\u0142ob\u0142ockiThe features, statistics and varietie of emigration processes in the countries of the<\/p>\n<p class=\"link-more\"><a class=\"myButt \" href=\"https:\/\/jcee.wsgk.com.pl\/?page_id=796\">Read More<\/a><\/p>\n","protected":false},"author":1,"featured_media":0,"parent":0,"menu_order":0,"comment_status":"closed","ping_status":"closed","template":"","meta":{"footnotes":""},"class_list":["post-796","page","type-page","status-publish","hentry"],"_links":{"self":[{"href":"https:\/\/jcee.wsgk.com.pl\/index.php?rest_route=\/wp\/v2\/pages\/796"}],"collection":[{"href":"https:\/\/jcee.wsgk.com.pl\/index.php?rest_route=\/wp\/v2\/pages"}],"about":[{"href":"https:\/\/jcee.wsgk.com.pl\/index.php?rest_route=\/wp\/v2\/types\/page"}],"author":[{"embeddable":true,"href":"https:\/\/jcee.wsgk.com.pl\/index.php?rest_route=\/wp\/v2\/users\/1"}],"replies":[{"embeddable":true,"href":"https:\/\/jcee.wsgk.com.pl\/index.php?rest_route=%2Fwp%2Fv2%2Fcomments&post=796"}],"version-history":[{"count":38,"href":"https:\/\/jcee.wsgk.com.pl\/index.php?rest_route=\/wp\/v2\/pages\/796\/revisions"}],"predecessor-version":[{"id":1548,"href":"https:\/\/jcee.wsgk.com.pl\/index.php?rest_route=\/wp\/v2\/pages\/796\/revisions\/1548"}],"wp:attachment":[{"href":"https:\/\/jcee.wsgk.com.pl\/index.php?rest_route=%2Fwp%2Fv2%2Fmedia&parent=796"}],"curies":[{"name":"wp","href":"https:\/\/api.w.org\/{rel}","templated":true}]}}