{"id":795,"date":"2023-04-27T11:40:41","date_gmt":"2023-04-27T09:40:41","guid":{"rendered":"http:\/\/jcee.wsgk.com.pl\/?page_id=795"},"modified":"2023-05-10T10:55:51","modified_gmt":"2023-05-10T08:55:51","slug":"2018-2","status":"publish","type":"page","link":"https:\/\/jcee.wsgk.com.pl\/?page_id=795","title":{"rendered":"2018"},"content":{"rendered":"\n<h2 class=\"wp-block-heading\">NUMBER-9:<\/h2>\n\n\n\n<p><a href=\"https:\/\/jcee.wsgk.com.pl\/?page_id=1552\"><strong><em>Magdalena Bia\u0142ob\u0142ocka<\/em><br><\/strong>The pre-conditions, principles and attributes of political and technocratic governance in Italy: history and modernity.<\/a><\/p>\n\n\n\n<hr class=\"wp-block-separator has-alpha-channel-opacity is-style-wide\"\/>\n\n\n\n<p><a href=\"https:\/\/jcee.wsgk.com.pl\/?page_id=1560\"><strong><em>S\u0142awomira Bia\u0142ob\u0142ocka<\/em><br><\/strong>The evolution and features of the system and mechanisms of planning and implementation of socio-economic development in the countries of the Visegrad group.<\/a><\/p>\n\n\n\n<hr class=\"wp-block-separator has-alpha-channel-opacity is-style-wide\"\/>\n\n\n\n<p><a href=\"https:\/\/jcee.wsgk.com.pl\/?page_id=1565\"><strong><em>Krzysztof Bia\u0142ob\u0142ocki<\/em><br><\/strong>Political, socio-economic and system modernization as components of a logistic-transformational plan and process in the post-communist countries of Central-Eastern Europe.<\/a><\/p>\n\n\n\n<hr class=\"wp-block-separator has-alpha-channel-opacity is-style-wide\"\/>\n\n\n\n<p><a href=\"https:\/\/jcee.wsgk.com.pl\/?page_id=1572\"><strong><em>Tomasz Bia\u0142ob\u0142ocki<\/em><br><\/strong>The evolution of political and legal status of the Russian minority in the ethnonational legislation of state entities on the historical territory of Ukraine (1917\u2013 1990).<\/a><\/p>\n\n\n\n<hr class=\"wp-block-separator has-alpha-channel-opacity is-style-wide\"\/>\n\n\n\n<p><a href=\"https:\/\/jcee.wsgk.com.pl\/?page_id=1577\"><strong><em>Zbigniew Bia\u0142ob\u0142ocki<\/em><br><\/strong>The correlation of governments\u2019 and political system\u2019s stability and the effectiveness of governments and governance systems: at the example of eastern European countries.<\/a><\/p>\n\n\n\n<hr class=\"wp-block-separator has-alpha-channel-opacity is-style-wide\"\/>\n\n\n\n<p><a href=\"https:\/\/jcee.wsgk.com.pl\/?page_id=1583\"><strong><em>Vira Burdiak<\/em><br><\/strong>Cooperation between the state and civil society inproviding volunteer supportfor the ato soldiers in the east of Ukraine.<\/a><\/p>\n\n\n\n<hr class=\"wp-block-separator has-alpha-channel-opacity is-style-wide\"\/>\n\n\n\n<p><a href=\"https:\/\/jcee.wsgk.com.pl\/?page_id=1588\"><strong><em>Butyrska Iryna A.<\/em><br><\/strong>Claim as a means of protection of rights, freedoms and interests.<\/a><\/p>\n\n\n\n<hr class=\"wp-block-separator has-alpha-channel-opacity is-style-wide\"\/>\n\n\n\n<p><a href=\"https:\/\/jcee.wsgk.com.pl\/?page_id=1594\"><strong><em>Butyrska Iryna W.<\/em><br><\/strong>Regional aspects of management of trade enterprises.<\/a><\/p>\n\n\n\n<hr class=\"wp-block-separator has-alpha-channel-opacity is-style-wide\"\/>\n\n\n\n<p><a href=\"https:\/\/jcee.wsgk.com.pl\/?page_id=1600\"><strong><em>Cholovska Oleksandra<\/em><br><\/strong>Structuralization and comparison of electoral formulas for the election of collegial representative bodies of local government in the Visegrad group countries (as of 2018).<\/a><\/p>\n\n\n\n<hr class=\"wp-block-separator has-alpha-channel-opacity is-style-wide\"\/>\n\n\n\n<p><a href=\"https:\/\/jcee.wsgk.com.pl\/?page_id=1607\"><strong><em>Hrabynskyy Ihor<\/em><br><\/strong>The Social and Economic Problems of Cross-border Affairs in Central and East Europe: Case Study of the Polish-Ukrainian Cooperation.<\/a><\/p>\n\n\n\n<hr class=\"wp-block-separator has-alpha-channel-opacity is-style-wide\"\/>\n\n\n\n<p><a href=\"https:\/\/jcee.wsgk.com.pl\/?page_id=1613\"><strong><em>Kabantseva Iryna<\/em><br><\/strong>Corruption counteraction by the civil society: comparative analysis of the experience of Romania, Hungary, and Poland.<\/a><\/p>\n\n\n\n<hr class=\"wp-block-separator has-alpha-channel-opacity is-style-wide\"\/>\n\n\n\n<p><a href=\"https:\/\/jcee.wsgk.com.pl\/?page_id=1618\"><strong><em>Kiyanka Iryna<\/em><br><\/strong>Populism as a theoretical framework: modern aspect for political system.<\/a><\/p>\n\n\n\n<hr class=\"wp-block-separator has-alpha-channel-opacity is-style-wide\"\/>\n\n\n\n<p><a href=\"https:\/\/jcee.wsgk.com.pl\/?page_id=1624\"><strong><em>Kolzov Vitaliy<\/em><br><\/strong>The features and consequences of anti-system political opposition in the countries of the Visegrad group.<\/a><\/p>\n\n\n\n<hr class=\"wp-block-separator has-alpha-channel-opacity is-style-wide\"\/>\n\n\n\n<p><a href=\"https:\/\/jcee.wsgk.com.pl\/?page_id=1630\"><strong><em>Kozak Tamara<\/em><br><\/strong>Functional Domains of the Spread of English in Ukrainian linguistic environment.<\/a><\/p>\n\n\n\n<hr class=\"wp-block-separator has-alpha-channel-opacity is-style-wide\"\/>\n\n\n\n<p><a href=\"https:\/\/jcee.wsgk.com.pl\/?page_id=1636\"><strong><em>Ihor Kushnarov<\/em><br><\/strong>Political corruption in Ukraine: main manifestation and counteraction methods.<\/a><\/p>\n\n\n\n<hr class=\"wp-block-separator has-alpha-channel-opacity is-style-wide\"\/>\n\n\n\n<p><a href=\"https:\/\/jcee.wsgk.com.pl\/?page_id=1643\"><strong><em>Vitaliy Lytvyn<\/em><br><\/strong>The features of the lustration of the police system: the practice of post-communist countries of Europe (on the example of Poland, Hungary, Slovakia and the Czech Republic).<\/a><\/p>\n\n\n\n<hr class=\"wp-block-separator has-alpha-channel-opacity is-style-wide\"\/>\n\n\n\n<p><a href=\"https:\/\/jcee.wsgk.com.pl\/?page_id=1649\"><strong><em>Panchak-Bia\u0142ob\u0142ocka Nadija<\/em><br><\/strong>The typology of theories and models of minority governments\u2019 formation and accountability in parliamentary democracies.<\/a><\/p>\n\n\n\n<hr class=\"wp-block-separator has-alpha-channel-opacity is-style-wide\"\/>\n\n\n\n<p><a href=\"https:\/\/jcee.wsgk.com.pl\/?page_id=1654\"><strong><em>Lyudmyla Ryzhak<\/em><br><\/strong>Sustainable development of humanity: joint responsibility for the future.<\/a><\/p>\n\n\n\n<hr class=\"wp-block-separator has-alpha-channel-opacity is-style-wide\"\/>\n\n\n\n<h2 class=\"wp-block-heading\">NUMBER-10:<\/h2>\n\n\n\n<p><a href=\"https:\/\/jcee.wsgk.com.pl\/?page_id=1660\"><strong><em>Magdalena Bia\u0142ob\u0142ocka<\/em><br><\/strong>The features of development of transport system, logistics and infrastructure in the countries of the Visegrad Group: from \u00abreal socialism\u00bb regimes to post-communism.<\/a><\/p>\n\n\n\n<hr class=\"wp-block-separator has-alpha-channel-opacity is-style-wide\"\/>\n\n\n\n<p><a href=\"https:\/\/jcee.wsgk.com.pl\/?page_id=1665\"><strong><em>S\u0142awomira Bia\u0142ob\u0142ocka<\/em><br><\/strong>Modeling coalition governments\u2019 management: a theoretical and empirical cut on the example of European representative democracies.<\/a><\/p>\n\n\n\n<hr class=\"wp-block-separator has-alpha-channel-opacity is-style-wide\"\/>\n\n\n\n<p><a href=\"https:\/\/jcee.wsgk.com.pl\/?page_id=1671\"><strong><em>Krzysztof Bia\u0142ob\u0142ocki<\/em><br><\/strong>Political perception of immigration processes in the countries of the Visegrad group.<\/a><\/p>\n\n\n\n<hr class=\"wp-block-separator has-alpha-channel-opacity is-style-wide\"\/>\n\n\n\n<p><a href=\"https:\/\/jcee.wsgk.com.pl\/?page_id=1678\"><strong><em>Tomasz Bia\u0142ob\u0142ocki<\/em><br><\/strong>The research on the origin of Russians and Ukrainians as the indicator of politicization of Russian national minority in Ukraine.<\/a><\/p>\n\n\n\n<hr class=\"wp-block-separator has-alpha-channel-opacity is-style-wide\"\/>\n\n\n\n<p><a href=\"https:\/\/jcee.wsgk.com.pl\/?page_id=1685\"><strong><em>Zbigniew Bia\u0142ob\u0142ocki<\/em><br><\/strong>The state of research of the problems of stability and efficiency of governments in comparative political studies: historiographical, theoretical and methodological cut and its imposition on the countries of eastern Europe.<\/a><\/p>\n\n\n\n<hr class=\"wp-block-separator has-alpha-channel-opacity is-style-wide\"\/>\n\n\n\n<p><a href=\"https:\/\/jcee.wsgk.com.pl\/?page_id=1691\"><strong><em>Burdiak Vira<\/em><br><\/strong>Specifics of the development of political culture in the Balcan states.<\/a><\/p>\n\n\n\n<hr class=\"wp-block-separator has-alpha-channel-opacity is-style-wide\"\/>\n\n\n\n<p><a href=\"https:\/\/jcee.wsgk.com.pl\/?page_id=1697\"><strong><em>Oleh Burdyak<\/em><br><\/strong>Usage of internet services in strategic marketing.<\/a><\/p>\n\n\n\n<hr class=\"wp-block-separator has-alpha-channel-opacity is-style-wide\"\/>\n\n\n\n<p><a href=\"https:\/\/jcee.wsgk.com.pl\/?page_id=1703\"><strong><em>Andrii Butyrskyi<\/em><br><\/strong>Influence of the state on the development of the Ukrainian economy.<\/a><\/p>\n\n\n\n<hr class=\"wp-block-separator has-alpha-channel-opacity is-style-wide\"\/>\n\n\n\n<p><a href=\"https:\/\/jcee.wsgk.com.pl\/?page_id=1709\"><strong><em>Tetiana Fedorchak<\/em><br><\/strong>Theoretical aspects of development of political transformation and democratization in scientists\u2019 researches.<\/a><\/p>\n\n\n\n<hr class=\"wp-block-separator has-alpha-channel-opacity is-style-wide\"\/>\n\n\n\n<p><a href=\"https:\/\/jcee.wsgk.com.pl\/?page_id=1715\"><strong><em>Hryhoriev Oleksandr<\/em><br><\/strong>Defective Democracy a comparison of the illiberal transformations in Hungary and Poland.<\/a><\/p>\n\n\n\n<hr class=\"wp-block-separator has-alpha-channel-opacity is-style-wide\"\/>\n\n\n\n<p><a href=\"https:\/\/jcee.wsgk.com.pl\/?page_id=1722\"><strong><em>Konet Andrii<\/em><br><\/strong>Theoretical and methodological aspects of the study on public opinion manipulation technologies.<\/a><\/p>\n\n\n\n<hr class=\"wp-block-separator has-alpha-channel-opacity is-style-wide\"\/>\n\n\n\n<p><a href=\"https:\/\/jcee.wsgk.com.pl\/?page_id=1727\"><strong><em>Myroslav Leshanych<\/em><br><\/strong>Model of the modern political party in terms of democratic transition.<\/a><\/p>\n\n\n\n<hr class=\"wp-block-separator has-alpha-channel-opacity is-style-wide\"\/>\n\n\n\n<p><a href=\"https:\/\/jcee.wsgk.com.pl\/?page_id=1734\"><strong><em>Vitaliy Lytvyn<\/em><br><\/strong>Categorization and systematization of institutionally- procedural and politically-behavioral attributes and features of semi-presidentialism: theoretical and methodological cut.<\/a><\/p>\n\n\n\n<hr class=\"wp-block-separator has-alpha-channel-opacity is-style-wide\"\/>\n\n\n\n<p><a href=\"https:\/\/jcee.wsgk.com.pl\/?page_id=1739\"><strong><em>Aneta Moszczy\u0144ska<\/em><br><\/strong>The features of legislative process in the countries of the visegrad group: a descriptive and comparative analysis.<\/a><\/p>\n\n\n\n<hr class=\"wp-block-separator has-alpha-channel-opacity is-style-wide\"\/>\n\n\n\n<p><a href=\"https:\/\/jcee.wsgk.com.pl\/?page_id=1745\"><strong><em>Panczak-Bia\u0142ob\u0142ocka Nadija<\/em><br><\/strong>Effectiveness, socio-economic and political implications and perceptions of minority governments in European parliamentary democracies: theoretical and practical context.<\/a><\/p>\n\n\n\n<hr class=\"wp-block-separator has-alpha-channel-opacity is-style-wide\"\/>\n\n\n\n<p><a href=\"https:\/\/jcee.wsgk.com.pl\/?page_id=1751\"><strong><em>Anatoliy Romanyuk<\/em><br><\/strong>Peculiarities of structural construction and ideological positioning of the All-Ukrainian Union \u201cSvoboda\u201d.<\/a><\/p>\n\n\n\n<hr class=\"wp-block-separator has-alpha-channel-opacity is-style-wide\"\/>\n","protected":false},"excerpt":{"rendered":"<p>NUMBER-9: Magdalena Bia\u0142ob\u0142ockaThe pre-conditions, principles and attributes of political and technocratic governance in Italy: history and modernity. S\u0142awomira Bia\u0142ob\u0142ockaThe evolution and features of the system and mechanisms of planning and implementation of socio-economic development in the countries of the Visegrad group. Krzysztof<\/p>\n<p class=\"link-more\"><a class=\"myButt \" href=\"https:\/\/jcee.wsgk.com.pl\/?page_id=795\">Read More<\/a><\/p>\n","protected":false},"author":1,"featured_media":0,"parent":0,"menu_order":0,"comment_status":"closed","ping_status":"closed","template":"","meta":{"footnotes":""},"class_list":["post-795","page","type-page","status-publish","hentry"],"_links":{"self":[{"href":"https:\/\/jcee.wsgk.com.pl\/index.php?rest_route=\/wp\/v2\/pages\/795"}],"collection":[{"href":"https:\/\/jcee.wsgk.com.pl\/index.php?rest_route=\/wp\/v2\/pages"}],"about":[{"href":"https:\/\/jcee.wsgk.com.pl\/index.php?rest_route=\/wp\/v2\/types\/page"}],"author":[{"embeddable":true,"href":"https:\/\/jcee.wsgk.com.pl\/index.php?rest_route=\/wp\/v2\/users\/1"}],"replies":[{"embeddable":true,"href":"https:\/\/jcee.wsgk.com.pl\/index.php?rest_route=%2Fwp%2Fv2%2Fcomments&post=795"}],"version-history":[{"count":41,"href":"https:\/\/jcee.wsgk.com.pl\/index.php?rest_route=\/wp\/v2\/pages\/795\/revisions"}],"predecessor-version":[{"id":1753,"href":"https:\/\/jcee.wsgk.com.pl\/index.php?rest_route=\/wp\/v2\/pages\/795\/revisions\/1753"}],"wp:attachment":[{"href":"https:\/\/jcee.wsgk.com.pl\/index.php?rest_route=%2Fwp%2Fv2%2Fmedia&parent=795"}],"curies":[{"name":"wp","href":"https:\/\/api.w.org\/{rel}","templated":true}]}}