{"id":794,"date":"2023-04-27T11:40:41","date_gmt":"2023-04-27T09:40:41","guid":{"rendered":"http:\/\/jcee.wsgk.com.pl\/?page_id=794"},"modified":"2023-05-18T18:54:44","modified_gmt":"2023-05-18T16:54:44","slug":"2017-2","status":"publish","type":"page","link":"https:\/\/jcee.wsgk.com.pl\/?page_id=794","title":{"rendered":"2017"},"content":{"rendered":"\n<h2 class=\"wp-block-heading\">NUMBER-7:<\/h2>\n\n\n\n<p><a href=\"https:\/\/jcee.wsgk.com.pl\/?page_id=1756\"><strong><em>Magdalena Bewicz<\/em><br><\/strong>Presidential election 2015 on emigration. Quantitative analysis as a method of presenting the actual state.<\/a><\/p>\n\n\n\n<hr class=\"wp-block-separator has-alpha-channel-opacity is-style-wide\"\/>\n\n\n\n<p><a href=\"https:\/\/jcee.wsgk.com.pl\/?page_id=1762\"><strong><em>Slavomira Bjaloblocka<\/em><br><\/strong>Innovation Policy Of Social And Economic Development: Essence And Structuring.<\/a><\/p>\n\n\n\n<hr class=\"wp-block-separator has-alpha-channel-opacity is-style-wide\"\/>\n\n\n\n<p><a href=\"https:\/\/jcee.wsgk.com.pl\/?page_id=1769\"><strong><em>Krzysztof Bia\u0142ob\u0142ocki<\/em><br><\/strong>Anti-immigrant far-right parties in the Visegrad countries: representation, political success and ideological positioning.<\/a><\/p>\n\n\n\n<hr class=\"wp-block-separator has-alpha-channel-opacity is-style-wide\"\/>\n\n\n\n<p><a href=\"https:\/\/jcee.wsgk.com.pl\/?page_id=1775\"><strong><em>Tomasz Bia\u0142ob\u0142ocki<\/em><br><\/strong>The identity of Ukrainians and Russians at the background of ethnic relations in the independent Ukraine (1991\u20132017).<\/a><\/p>\n\n\n\n<hr class=\"wp-block-separator has-alpha-channel-opacity is-style-wide\"\/>\n\n\n\n<p><a href=\"https:\/\/jcee.wsgk.com.pl\/?page_id=1781\"><strong><em>Zbigniew Bia\u0142ob\u0142ocki<\/em><br><\/strong>Towards systematizing and updating the definition and indicators for measuring the stability of governments: theoretical and methodological cut.<\/a><\/p>\n\n\n\n<hr class=\"wp-block-separator has-alpha-channel-opacity is-style-wide\"\/>\n\n\n\n<p><a href=\"https:\/\/jcee.wsgk.com.pl\/?page_id=1787\"><strong><em>Zbigniew Bia\u0142ob\u0142ocki<\/em><br><\/strong>Comparative analysis of political regimes in Eastern European Countries: correlation of hybrid and authoritarian political practices (1991-2016).<\/a><\/p>\n\n\n\n<hr class=\"wp-block-separator has-alpha-channel-opacity is-style-wide\"\/>\n\n\n\n<p><a href=\"https:\/\/jcee.wsgk.com.pl\/?page_id=1793\"><strong><em>Vira Burdiak<\/em><br><\/strong>Transformation of the Republic of Bulgaria and politicization of the society\u2019s ethnic awareness.<\/a><\/p>\n\n\n\n<hr class=\"wp-block-separator has-alpha-channel-opacity is-style-wide\"\/>\n\n\n\n<p><a href=\"https:\/\/jcee.wsgk.com.pl\/?page_id=1798\"><strong><em>Iryna But\u0443rskaya<\/em><br><\/strong>Social-political and social-economic transformation of the Slovak Republic.<\/a><\/p>\n\n\n\n<hr class=\"wp-block-separator has-alpha-channel-opacity is-style-wide\"\/>\n\n\n\n<p><a href=\"https:\/\/jcee.wsgk.com.pl\/?page_id=1804\"><strong><em>Anna Czajka<\/em><br><\/strong>The Background of Ethnic Conflicts in the European Union based on the example of Great Britain, Spain and France.<\/a><\/p>\n\n\n\n<hr class=\"wp-block-separator has-alpha-channel-opacity is-style-wide\"\/>\n\n\n\n<p><a href=\"https:\/\/jcee.wsgk.com.pl\/?page_id=1811\"><strong><em>Tetiana Fedorchak<\/em><br><\/strong>Political parties of the Czech Republic on the way to consolidated democracy.<\/a><\/p>\n\n\n\n<hr class=\"wp-block-separator has-alpha-channel-opacity is-style-wide\"\/>\n\n\n\n<p><a href=\"https:\/\/jcee.wsgk.com.pl\/?page_id=1818\"><strong><em>Ivan Harat, Petro Kralyuk<\/em><br><\/strong>Vitaliy Dubenskyi \u2014 The Hesychast-Poet.<\/a><\/p>\n\n\n\n<hr class=\"wp-block-separator has-alpha-channel-opacity is-style-wide\"\/>\n\n\n\n<p><a href=\"https:\/\/jcee.wsgk.com.pl\/?page_id=1823\"><strong><em>Kolcov Vitaliy<\/em><br><\/strong>Dissident movement as a historical prototype of political opposition: generalization based on the analysis of \u201creal socialism\u201d regimes in Poland, Hungary and Czechoslovakia.<\/a><\/p>\n\n\n\n<hr class=\"wp-block-separator has-alpha-channel-opacity is-style-wide\"\/>\n\n\n\n<p><a href=\"https:\/\/jcee.wsgk.com.pl\/?page_id=1829\"><strong><em>Tamara Kozak<\/em><br><\/strong>The Role of English as the Means of International Communication for the Development of World Market.<\/a><\/p>\n\n\n\n<hr class=\"wp-block-separator has-alpha-channel-opacity is-style-wide\"\/>\n\n\n\n<p><a href=\"https:\/\/jcee.wsgk.com.pl\/?page_id=1835\"><strong><em>Maryan Lopata<\/em><br><\/strong>Stability and efficiency of coalition governments in Poland and Czech Republic: comparative analysis.<\/a><\/p>\n\n\n\n<hr class=\"wp-block-separator has-alpha-channel-opacity is-style-wide\"\/>\n\n\n\n<p><a href=\"https:\/\/jcee.wsgk.com.pl\/?page_id=1842\"><strong><em>Vitaliy Lytvyn<\/em><br><\/strong>Isolation and taxonomy of semi-presidentialism with nominal presidents in central and Eastern European Countries of the eu: as exemplified by Bulgaria, Czechia, Slovakia and Slovenia.<\/a><\/p>\n\n\n\n<hr class=\"wp-block-separator has-alpha-channel-opacity is-style-wide\"\/>\n\n\n\n<p><a href=\"https:\/\/jcee.wsgk.com.pl\/?page_id=1849\"><strong><em>Aneta Moszczy\u0144ska<\/em><br><\/strong>The \u201cdilemma of simultaneity\u201d as a conceptual predictor of post-communist countries of Europe modernization\u2019s logistics: theoretical and methodological cut.<\/a><\/p>\n\n\n\n<hr class=\"wp-block-separator has-alpha-channel-opacity is-style-wide\"\/>\n\n\n\n<p><a href=\"https:\/\/jcee.wsgk.com.pl\/?page_id=1855\"><strong><em>Nadia Panchak-Bia\u0142ob\u0142ocka<\/em><br><\/strong>Patterns of minority governments\u2019 stability in European parliamentary democracies.<\/a><\/p>\n\n\n\n<hr class=\"wp-block-separator has-alpha-channel-opacity is-style-wide\"\/>\n\n\n\n<p><a href=\"https:\/\/jcee.wsgk.com.pl\/?page_id=1860\"><strong><em>Anatoliy Romaniuk<\/em><br><\/strong>Evolution of Ukrainian citizens\u2019 attitude towards the USSR and Russia in the context of the annexation of the Crimea and warfare in Donbas over the years 2014-2017.<\/a><\/p>\n\n\n\n<hr class=\"wp-block-separator has-alpha-channel-opacity is-style-wide\"\/>\n\n\n\n<p><a href=\"https:\/\/jcee.wsgk.com.pl\/?page_id=1867\"><strong><em>Lubomir Skochylias<\/em><br><\/strong>Legal and political evolution of the institution of president in Ukraine: from Kravchuk to Poroshenko.<\/a><\/p>\n\n\n\n<hr class=\"wp-block-separator has-alpha-channel-opacity is-style-wide\"\/>\n\n\n\n<p><a href=\"https:\/\/jcee.wsgk.com.pl\/?page_id=1874\"><strong><em>Lyubomyr Skochylyas, Jurij Hajduk<\/em><br><\/strong>Rewolucja pomara\u0144czowa na Ukrainie, d\u017cinsowa rewolucja na Bia\u0142orusi: powody zwyci\u0119stwa pierwszej i upadku ostatniej.<\/a><\/p>\n\n\n\n<hr class=\"wp-block-separator has-alpha-channel-opacity is-style-wide\"\/>\n\n\n\n<p><a href=\"https:\/\/jcee.wsgk.com.pl\/?page_id=1880\"><strong><em>Vladyslav Varinski<\/em><br><\/strong>Public structures as effective mechanism of forming of social capital in democratic countries.<\/a><\/p>\n\n\n\n<hr class=\"wp-block-separator has-alpha-channel-opacity is-style-wide\"\/>\n\n\n\n<h2 class=\"wp-block-heading\">NUMBER-8:<\/h2>\n\n\n\n<p><a href=\"https:\/\/jcee.wsgk.com.pl\/?page_id=1887\"><strong><em>Magdalena Bewicz<\/em><br><\/strong>Rola monarchii brytyjskiej we wsp\u00f3\u0142czesnym \u015bwiecie.<\/a><\/p>\n\n\n\n<hr class=\"wp-block-separator has-alpha-channel-opacity is-style-wide\"\/>\n\n\n\n<p><a href=\"https:\/\/jcee.wsgk.com.pl\/?page_id=1893\"><strong><em>Magdalena Bia\u0142ob\u0142ocka<\/em><br><\/strong>The features of technocracy in the \u201cChinese model\u201d of governance.<\/a><\/p>\n\n\n\n<hr class=\"wp-block-separator has-alpha-channel-opacity is-style-wide\"\/>\n\n\n\n<p><a href=\"https:\/\/jcee.wsgk.com.pl\/?page_id=1898\"><strong><em>S\u0142awomira Bia\u0142ob\u0142ocka<\/em><br><\/strong>Eurointegration and europeanization as innovative goals of political and socio-economic development of the Visegrad Countries: features and stages of implementation.<\/a><\/p>\n\n\n\n<hr class=\"wp-block-separator has-alpha-channel-opacity is-style-wide\"\/>\n\n\n\n<p><a href=\"https:\/\/jcee.wsgk.com.pl\/?page_id=1904\"><strong><em>Krzysztof Bia\u0142ob\u0142ocki<\/em><br><\/strong>Migrations and migration processes in the Visegrad Countries: legal principles of regulation and features of modern patterns.<\/a><\/p>\n\n\n\n<hr class=\"wp-block-separator has-alpha-channel-opacity is-style-wide\"\/>\n\n\n\n<p><a href=\"https:\/\/jcee.wsgk.com.pl\/?page_id=1910\"><strong><em>Tomasz Bia\u0142ob\u0142ocki<\/em><br><\/strong>Ethnonational reality and expectations in the context of representation of russian and other minorities in Ukraine (1989\u20132017).<\/a><\/p>\n\n\n\n<hr class=\"wp-block-separator has-alpha-channel-opacity is-style-wide\"\/>\n\n\n\n<p><a href=\"https:\/\/jcee.wsgk.com.pl\/?page_id=1915\"><strong><em>Zbigniew Bia\u0142ob\u0142ocki<\/em><br><\/strong>Non-party (formed by presidents) governments: design, appointment and peculiarities of operationalization in the president-parliamentary countries of Eastern Europe.<\/a><\/p>\n\n\n\n<hr class=\"wp-block-separator has-alpha-channel-opacity is-style-wide\"\/>\n\n\n\n<p><a href=\"https:\/\/jcee.wsgk.com.pl\/?page_id=1921\"><strong><em>Vira Burdiak<\/em><br><\/strong>Present-day security threats to Ukraine in the informational sphere.<\/a><\/p>\n\n\n\n<hr class=\"wp-block-separator has-alpha-channel-opacity is-style-wide\"\/>\n\n\n\n<p><a href=\"https:\/\/jcee.wsgk.com.pl\/?page_id=1927\"><strong><em>Iryna Butyrskaja<\/em><br><\/strong>Development of sovereign Slovenia as a social state.<\/a><\/p>\n\n\n\n<hr class=\"wp-block-separator has-alpha-channel-opacity is-style-wide\"\/>\n\n\n\n<p><a href=\"https:\/\/jcee.wsgk.com.pl\/?page_id=1933\"><strong><em>Butyrskyi Andriy<\/em><br><\/strong>Judicial reform in Ukraine: problems of implementation.<\/a><\/p>\n\n\n\n<hr class=\"wp-block-separator has-alpha-channel-opacity is-style-wide\"\/>\n\n\n\n<p><a href=\"https:\/\/jcee.wsgk.com.pl\/?page_id=1939\"><strong><em>Cholovska Oleksandra<\/em><br><\/strong>The historical and transformational preconditions and peculiarities of the electoral systems\u2019 formation at the local level in the modern countries of the Visegrad Group.<\/a><\/p>\n\n\n\n<hr class=\"wp-block-separator has-alpha-channel-opacity is-style-wide\"\/>\n\n\n\n<p><a href=\"https:\/\/jcee.wsgk.com.pl\/?page_id=1946\"><strong><em>Tetiana Fedorchak<\/em><br><\/strong>Participation of political forces in parliamentary elections and national development of the Czech Republic.<\/a><\/p>\n\n\n\n<hr class=\"wp-block-separator has-alpha-channel-opacity is-style-wide\"\/>\n\n\n\n<p><a href=\"https:\/\/jcee.wsgk.com.pl\/?page_id=1951\"><strong><em>Natalia Khoma<\/em><br><\/strong>Revolutionary and military crowd-sourcing and crowd-funding practices of social political activism (based on the Ukraine\u2019s example of 2014-2016).<\/a><\/p>\n\n\n\n<hr class=\"wp-block-separator has-alpha-channel-opacity is-style-wide\"\/>\n\n\n\n<p><a href=\"https:\/\/jcee.wsgk.com.pl\/?page_id=1957\"><strong><em>Kolzov Vitaliy<\/em><br><\/strong>Political opposition as a prerequisite of the beginning of democratization in the visegradgroup countries (1989\u2013 1993): comparative analysis.<\/a><\/p>\n\n\n\n<hr class=\"wp-block-separator has-alpha-channel-opacity is-style-wide\"\/>\n\n\n\n<p><a href=\"https:\/\/jcee.wsgk.com.pl\/?page_id=1963\"><strong><em>Tamara Kozak<\/em><br><\/strong>Language policy in the European union in the context of the spread of english as a global language.<\/a><\/p>\n\n\n\n<hr class=\"wp-block-separator has-alpha-channel-opacity is-style-wide\"\/>\n\n\n\n<p><a href=\"https:\/\/jcee.wsgk.com.pl\/?page_id=1969\"><strong><em>Ihor Kushnarov<\/em><br><\/strong>Cultural and mental determinants of political corruption and counteracting it: the example of Ukraine.<\/a><\/p>\n\n\n\n<hr class=\"wp-block-separator has-alpha-channel-opacity is-style-wide\"\/>\n\n\n\n<p><a href=\"https:\/\/jcee.wsgk.com.pl\/?page_id=1974\"><strong><em>Vitaliy Lytvyn<\/em><br><\/strong>The Stages of Installation and Institutional, Procedural, Political and Behavioral Attributes of Semi-Presidentialism in Poland and Ukraine: Comparative Analysis.<\/a><\/p>\n\n\n\n<hr class=\"wp-block-separator has-alpha-channel-opacity is-style-wide\"\/>\n\n\n\n<p><a href=\"https:\/\/jcee.wsgk.com.pl\/?page_id=1981\"><strong><em>Aneta Moszczy\u0144ska<\/em><br><\/strong>Political and socio-economic modernization as a pledge of transformation of post-communist countries of Central-Eastern Europe: theoretical, methodological and logistic cut.<\/a><\/p>\n\n\n\n<hr class=\"wp-block-separator has-alpha-channel-opacity is-style-wide\"\/>\n\n\n\n<p><a href=\"https:\/\/jcee.wsgk.com.pl\/?page_id=1984\"><strong><em>Nadia Panchak-Bialoblotska<\/em><br><\/strong>Votes of confidence\/investiture as conditions for formation of minority governments in the European Parliamentary Democracies: a statistical cut.<\/a><\/p>\n\n\n\n<hr class=\"wp-block-separator has-alpha-channel-opacity is-style-wide\"\/>\n\n\n\n<p><a href=\"https:\/\/jcee.wsgk.com.pl\/?page_id=1992\"><strong><em>Peleshchuk Ihor<\/em><br><\/strong>Institualization of early conflict \u2013 warning in political system.<\/a><\/p>\n\n\n\n<hr class=\"wp-block-separator has-alpha-channel-opacity is-style-wide\"\/>\n\n\n\n<p><a href=\"https:\/\/jcee.wsgk.com.pl\/?page_id=1999\"><strong><em>Anastasia Repetska<\/em><br><\/strong>Modern Ukraine: challenging by reforms.<\/a><\/p>\n\n\n\n<hr class=\"wp-block-separator has-alpha-channel-opacity is-style-wide\"\/>\n\n\n\n<p><a href=\"https:\/\/jcee.wsgk.com.pl\/?page_id=2005\"><strong><em>Anatoliy Romaniuk<\/em><br><\/strong>Inter-party democracy as a democracy development factor in Ukraine.<\/a><\/p>\n\n\n\n<hr class=\"wp-block-separator has-alpha-channel-opacity is-style-wide\"\/>\n\n\n\n<p><a href=\"https:\/\/jcee.wsgk.com.pl\/?page_id=2011\"><strong><em>Hennadii Shypunov<\/em><br><\/strong>Principles of Communist Parties\u2019 Structural Organization: Crucial Aspects of Correlations with Political RegimeType.<\/a><\/p>\n\n\n\n<hr class=\"wp-block-separator has-alpha-channel-opacity is-style-wide\"\/>\n\n\n\n<p><a href=\"https:\/\/jcee.wsgk.com.pl\/?page_id=2017\"><strong><em>Lyubomyr Skochylyas<\/em><br><\/strong>The party-electoral dimension of the formation of local self- government bodies.<\/a><\/p>\n\n\n\n<hr class=\"wp-block-separator has-alpha-channel-opacity is-style-wide\"\/>\n\n\n\n<p><a href=\"https:\/\/jcee.wsgk.com.pl\/?page_id=2023\"><strong><em>Julija Slipetska<\/em><br><\/strong>Comparative analysis of political cleavages in the countries of East and Central Europe.<\/a><\/p>\n\n\n\n<hr class=\"wp-block-separator has-alpha-channel-opacity is-style-wide\"\/>\n\n\n\n<p><a href=\"https:\/\/jcee.wsgk.com.pl\/?page_id=2029\"><strong><em>Wiktor Zinczuk<\/em><br><\/strong>New media and modern society: political interaction.<\/a><\/p>\n\n\n\n<hr class=\"wp-block-separator has-alpha-channel-opacity is-style-wide\"\/>\n","protected":false},"excerpt":{"rendered":"<p>NUMBER-7: Magdalena BewiczPresidential election 2015 on emigration. Quantitative analysis as a method of presenting the actual state. Slavomira BjaloblockaInnovation Policy Of Social And Economic Development: Essence And Structuring. Krzysztof Bia\u0142ob\u0142ockiAnti-immigrant far-right parties in the Visegrad countries: representation, political success and ideological positioning.<\/p>\n<p class=\"link-more\"><a class=\"myButt \" href=\"https:\/\/jcee.wsgk.com.pl\/?page_id=794\">Read More<\/a><\/p>\n","protected":false},"author":1,"featured_media":0,"parent":0,"menu_order":0,"comment_status":"closed","ping_status":"closed","template":"","meta":{"footnotes":""},"class_list":["post-794","page","type-page","status-publish","hentry"],"_links":{"self":[{"href":"https:\/\/jcee.wsgk.com.pl\/index.php?rest_route=\/wp\/v2\/pages\/794"}],"collection":[{"href":"https:\/\/jcee.wsgk.com.pl\/index.php?rest_route=\/wp\/v2\/pages"}],"about":[{"href":"https:\/\/jcee.wsgk.com.pl\/index.php?rest_route=\/wp\/v2\/types\/page"}],"author":[{"embeddable":true,"href":"https:\/\/jcee.wsgk.com.pl\/index.php?rest_route=\/wp\/v2\/users\/1"}],"replies":[{"embeddable":true,"href":"https:\/\/jcee.wsgk.com.pl\/index.php?rest_route=%2Fwp%2Fv2%2Fcomments&post=794"}],"version-history":[{"count":52,"href":"https:\/\/jcee.wsgk.com.pl\/index.php?rest_route=\/wp\/v2\/pages\/794\/revisions"}],"predecessor-version":[{"id":2031,"href":"https:\/\/jcee.wsgk.com.pl\/index.php?rest_route=\/wp\/v2\/pages\/794\/revisions\/2031"}],"wp:attachment":[{"href":"https:\/\/jcee.wsgk.com.pl\/index.php?rest_route=%2Fwp%2Fv2%2Fmedia&parent=794"}],"curies":[{"name":"wp","href":"https:\/\/api.w.org\/{rel}","templated":true}]}}