{"id":793,"date":"2023-04-27T11:40:41","date_gmt":"2023-04-27T09:40:41","guid":{"rendered":"http:\/\/jcee.wsgk.com.pl\/?page_id=793"},"modified":"2023-05-20T11:34:51","modified_gmt":"2023-05-20T09:34:51","slug":"2016-2","status":"publish","type":"page","link":"https:\/\/jcee.wsgk.com.pl\/?page_id=793","title":{"rendered":"2016"},"content":{"rendered":"\n<h2 class=\"wp-block-heading\">NUMBER-5:<\/h2>\n\n\n\n<p><a href=\"https:\/\/jcee.wsgk.com.pl\/?page_id=2164\"><strong><em>Androshchuk Iryna<\/em><br><\/strong>Far-left political parties, their origin, ideological positioning and place in the Czech Republic\u2019s party system (1990\u20132015): the case of the communist party of Bohemia and Moravia (KS\u010cM).<\/a><\/p>\n\n\n\n<hr class=\"wp-block-separator has-alpha-channel-opacity is-style-wide\"\/>\n\n\n\n<p><a href=\"https:\/\/jcee.wsgk.com.pl\/?page_id=2171\"><strong><em>Magdalena Bia\u0142ob\u0142ocka<\/em><br><\/strong>Towards filling the phenomenon and the term \u201cpolitical logistics\u201d with the theoretical and empirical content.<\/a><\/p>\n\n\n\n<hr class=\"wp-block-separator has-alpha-channel-opacity is-style-wide\"\/>\n\n\n\n<p><a href=\"https:\/\/jcee.wsgk.com.pl\/?page_id=2176\"><strong><em>Bia\u0142ob\u0142ocki Zbigniew<\/em><br><\/strong>Theoretical and methodological approaches to the assessment of modern political systems as an indicator of comparative analysis of governments in Eastern European countries.<\/a><\/p>\n\n\n\n<hr class=\"wp-block-separator has-alpha-channel-opacity is-style-wide\"\/>\n\n\n\n<p><a href=\"https:\/\/jcee.wsgk.com.pl\/?page_id=2181\"><strong><em>Bohatyrets Valentyna<\/em><br><\/strong>Canada\u2019s brand of multiculturalism as a way of molding its image on the world arena.<\/a><\/p>\n\n\n\n<hr class=\"wp-block-separator has-alpha-channel-opacity is-style-wide\"\/>\n\n\n\n<p><a href=\"https:\/\/jcee.wsgk.com.pl\/?page_id=2187\"><strong><em>Vira Burdiak<\/em><br><\/strong>Polish factor in formation and elaboration of the European Union\u2019s policy in regard to Ukraine.<\/a><\/p>\n\n\n\n<hr class=\"wp-block-separator has-alpha-channel-opacity is-style-wide\"\/>\n\n\n\n<p><a href=\"https:\/\/jcee.wsgk.com.pl\/?page_id=2193\"><strong><em>\u0406\u0440\u0438\u043d\u0430 \u0411\u0443\u0442\u0438\u0440\u0441\u044c\u043a\u0430<\/em><br><\/strong>\u041d\u043e\u0432\u0456 \u043f\u0456\u0434\u0445\u043e\u0434\u0438 \u0434\u043e \u0440\u043e\u0437\u0432\u0438\u0442\u043a\u0443\u0441\u043e\u0446\u0456\u0430\u043b\u044c\u043d\u043e\u0457 \u043f\u043e\u043b\u0456\u0442\u0438\u043a\u0438 \u0432 \u0441\u0443\u0447\u0430\u0441\u043d\u0456\u0439 \u0423\u0433\u043e\u0440\u0449\u0438\u043d\u0456.<\/a><\/p>\n\n\n\n<hr class=\"wp-block-separator has-alpha-channel-opacity is-style-wide\"\/>\n\n\n\n<p><a href=\"https:\/\/jcee.wsgk.com.pl\/?page_id=2199\"><strong><em>Tetiana Fedorchak<\/em><br><\/strong>Eu membership as a factor for harmonization of ethnic relations within the Countries of Union.<\/a><\/p>\n\n\n\n<hr class=\"wp-block-separator has-alpha-channel-opacity is-style-wide\"\/>\n\n\n\n<p><a href=\"https:\/\/jcee.wsgk.com.pl\/?page_id=2205\"><strong><em>\u041e\u043b\u0435\u0441\u044f \u042f\u0440\u043e\u0448\u043a\u043e<\/em><br><\/strong>Security Studies on Ukrainian International Issues.<\/a><\/p>\n\n\n\n<hr class=\"wp-block-separator has-alpha-channel-opacity is-style-wide\"\/>\n\n\n\n<p><a href=\"https:\/\/jcee.wsgk.com.pl\/?page_id=2208\"><strong><em>Lytvyn Vitaliy<\/em><br><\/strong>Governments of national unity in the context of coalition majority governments: conceptualization, cases, political causes and consequences by the example of European democracies.<\/a><\/p>\n\n\n\n<hr class=\"wp-block-separator has-alpha-channel-opacity is-style-wide\"\/>\n\n\n\n<p><a href=\"https:\/\/jcee.wsgk.com.pl\/?page_id=2214\"><strong><em>Manailo-Prikhodko Renata<\/em><br><\/strong>Parliamentary elections 2014 in Ukraine: national and regional dimension.<\/a><\/p>\n\n\n\n<hr class=\"wp-block-separator has-alpha-channel-opacity is-style-wide\"\/>\n\n\n\n<p><a href=\"https:\/\/jcee.wsgk.com.pl\/?page_id=2219\"><strong><em>Aneta Moszczy\u0144ska<\/em><br><\/strong>Features, political, economic and administrative instruments and effects of overcoming financial crisis in the Visegrad Countries.<\/a><\/p>\n\n\n\n<hr class=\"wp-block-separator has-alpha-channel-opacity is-style-wide\"\/>\n\n\n\n<p><a href=\"https:\/\/jcee.wsgk.com.pl\/?page_id=2224\"><strong><em>Svetlana Naumkina<\/em><br><\/strong>Development of regional collaboration in a format \u00abPoland \u2013 Romania \u2013 Ukraine\u00bb as a condition of collective security.<\/a><\/p>\n\n\n\n<hr class=\"wp-block-separator has-alpha-channel-opacity is-style-wide\"\/>\n\n\n\n<p><a href=\"https:\/\/jcee.wsgk.com.pl\/?page_id=2232\"><strong><em>Panchak-Bia\u0142ob\u0142ocka Nadia<\/em><br><\/strong>Political, institutional and legal determinants, essence, features and peculiarities of minority government in parliamentary democracies.<\/a><\/p>\n\n\n\n<hr class=\"wp-block-separator has-alpha-channel-opacity is-style-wide\"\/>\n\n\n\n<p><a href=\"https:\/\/jcee.wsgk.com.pl\/?page_id=2237\"><strong><em>Inna Pronoza<\/em><br><\/strong>Factors influencing the formation of the strategic position of the EU on Russian-Ukrainian problem.<\/a><\/p>\n\n\n\n<hr class=\"wp-block-separator has-alpha-channel-opacity is-style-wide\"\/>\n\n\n\n<p><a href=\"https:\/\/jcee.wsgk.com.pl\/?page_id=2242\"><strong><em>Adam Rogala-Lewicki<\/em><br><\/strong>Usytuowanie funkcjonalne s\u0142u\u017cb specjalnych w systemie politycznym pa\u0144stwa na przyk\u0142adzie Polski.<\/a><\/p>\n\n\n\n<hr class=\"wp-block-separator has-alpha-channel-opacity is-style-wide\"\/>\n\n\n\n<p><a href=\"https:\/\/jcee.wsgk.com.pl\/?page_id=2248\"><strong><em>Romanyuk Anatoliy<\/em><br><\/strong>Media Parties in Ukraine: a Phenomenon or an Isolated Incident.<\/a><\/p>\n\n\n\n<hr class=\"wp-block-separator has-alpha-channel-opacity is-style-wide\"\/>\n\n\n\n<p><a href=\"https:\/\/jcee.wsgk.com.pl\/?page_id=2254\"><strong><em>Svitlana Rostetska<\/em><br><\/strong>The influence regional and local identity in the European political process.<\/a><\/p>\n\n\n\n<hr class=\"wp-block-separator has-alpha-channel-opacity is-style-wide\"\/>\n\n\n\n<p><a href=\"https:\/\/jcee.wsgk.com.pl\/?page_id=2259\"><strong><em>Sergiy Skryl<\/em><br><\/strong>Party building in the states of Central and East Europe at the end of \u0425\u0425 \u2013 to the beginning of \u0425\u0425I century.<\/a><\/p>\n\n\n\n<hr class=\"wp-block-separator has-alpha-channel-opacity is-style-wide\"\/>\n\n\n\n<p><a href=\"https:\/\/jcee.wsgk.com.pl\/?page_id=2264\"><strong><em>Olja Sviderska<\/em><br><\/strong>Psychological determinants of mass political behaviour in Ukraine (on the basic Revolution of Dignity in 2013-2014 years).<\/a><\/p>\n\n\n\n<hr class=\"wp-block-separator has-alpha-channel-opacity is-style-wide\"\/>\n\n\n\n<p><a href=\"https:\/\/jcee.wsgk.com.pl\/?page_id=2269\"><strong><em>Travlos Tetyana<\/em><br><\/strong>The politological theory studies the phenomenon of \u00abrevolution\u00bb: a comparative analysis.<\/a><\/p>\n\n\n\n<hr class=\"wp-block-separator has-alpha-channel-opacity is-style-wide\"\/>\n\n\n\n<p><a href=\"https:\/\/jcee.wsgk.com.pl\/?page_id=2276\"><strong><em>Lesya Uhryn<\/em><br><\/strong>Integration as a factor in the transformation of identity in Ukraine.<\/a><\/p>\n\n\n\n<hr class=\"wp-block-separator has-alpha-channel-opacity is-style-wide\"\/>\n\n\n\n<h2 class=\"wp-block-heading\">NUMBER-6:<\/h2>\n\n\n\n<p><a href=\"https:\/\/jcee.wsgk.com.pl\/?page_id=2034\"><strong><em>Magdalena Bewicz<\/em><br><\/strong>Presidential election 2015 on emigration. Quantitative analysis as a method of presenting the actual state.<\/a><\/p>\n\n\n\n<hr class=\"wp-block-separator has-alpha-channel-opacity is-style-wide\"\/>\n\n\n\n<p><a href=\"https:\/\/jcee.wsgk.com.pl\/?page_id=2041\"><strong><em>Magdalena Bia\u0142ob\u0142ocka<\/em><br><\/strong>Technocratic governance and democracy: key contradictions, their consequences and ways to overcome.<\/a><\/p>\n\n\n\n<hr class=\"wp-block-separator has-alpha-channel-opacity is-style-wide\"\/>\n\n\n\n<p><a href=\"https:\/\/jcee.wsgk.com.pl\/?page_id=2046\"><em><strong>S\u0142awomira Bia\u0142ob\u0142ocka<br><\/strong><\/em>Innovation Policy Of Social And Economic Development: Essence And Structuring.<\/a><\/p>\n\n\n\n<hr class=\"wp-block-separator has-alpha-channel-opacity is-style-wide\"\/>\n\n\n\n<p><a href=\"https:\/\/jcee.wsgk.com.pl\/?page_id=2052\"><strong><em>Krzysztof Bia\u0142ob\u0142ocki<\/em><br><\/strong>Anti-immigrant far-right parties in the Visegrad countries: representation, political success and ideological positioning.<\/a><\/p>\n\n\n\n<hr class=\"wp-block-separator has-alpha-channel-opacity is-style-wide\"\/>\n\n\n\n<p><a href=\"https:\/\/jcee.wsgk.com.pl\/?page_id=2058\"><strong><em>Tomasz Bia\u0142ob\u0142ocki<\/em><br><\/strong>The identity of Ukrainians and Russians at the background of ethnic relations in the independent Ukraine (1991\u20132017).<\/a><\/p>\n\n\n\n<hr class=\"wp-block-separator has-alpha-channel-opacity is-style-wide\"\/>\n\n\n\n<p><a href=\"https:\/\/jcee.wsgk.com.pl\/?page_id=2065\"><strong><em>Bia\u0142ob\u0142ocki Zbigniew<\/em><br><\/strong>Comparative analysis of political regimes in Eastern European Countries: correlation of hybrid and authoritarian political practices (1991-2016).<\/a><\/p>\n\n\n\n<hr class=\"wp-block-separator has-alpha-channel-opacity is-style-wide\"\/>\n\n\n\n<p><a href=\"https:\/\/jcee.wsgk.com.pl\/?page_id=2070\"><strong><em>Bia\u0142ob\u0142ocki Zbigniew<\/em><\/strong><br>Towards systematizing and updating the definition and indicators for measuring the stability of governments: theoretical and methodological cut.<\/a><\/p>\n\n\n\n<hr class=\"wp-block-separator has-alpha-channel-opacity is-style-wide\"\/>\n\n\n\n<p><a href=\"https:\/\/jcee.wsgk.com.pl\/?page_id=2076\"><strong><em>Vira Burdiak<\/em><br><\/strong>Transformation of the Republic of Bulgaria and politicization of the society\u2019s ethnic awareness.<\/a><\/p>\n\n\n\n<hr class=\"wp-block-separator has-alpha-channel-opacity is-style-wide\"\/>\n\n\n\n<p><a href=\"https:\/\/jcee.wsgk.com.pl\/?page_id=2081\"><strong><em>Iryna But\u0443rskaya<\/em><br><\/strong>Social-political and social-economic transformation of the Slovak Republic.<\/a><\/p>\n\n\n\n<hr class=\"wp-block-separator has-alpha-channel-opacity is-style-wide\"\/>\n\n\n\n<p><a href=\"https:\/\/jcee.wsgk.com.pl\/?page_id=2086\"><strong><em>Anna Czajka<\/em><br><\/strong>The Background of Ethnic Conflicts in the European Union based on the example of Great Britain, Spain and France.<\/a><\/p>\n\n\n\n<hr class=\"wp-block-separator has-alpha-channel-opacity is-style-wide\"\/>\n\n\n\n<p><a href=\"https:\/\/jcee.wsgk.com.pl\/?page_id=2092\"><strong><em>Tetiana Fedorchak<\/em><br><\/strong>Political parties of the Czech Republic on the way to consolidated democracy.<\/a><\/p>\n\n\n\n<hr class=\"wp-block-separator has-alpha-channel-opacity is-style-wide\"\/>\n\n\n\n<p><a href=\"https:\/\/jcee.wsgk.com.pl\/?page_id=2098\"><strong><em>Ivan Harat, Petro Kralyuk<\/em><br><\/strong>Vitaliy Dubenskyi \u2014 The Hesychast-Poet.<\/a><\/p>\n\n\n\n<hr class=\"wp-block-separator has-alpha-channel-opacity is-style-wide\"\/>\n\n\n\n<p><a href=\"https:\/\/jcee.wsgk.com.pl\/?page_id=2105\"><strong><em>Kolcov Vitaliy<\/em><br><\/strong>Dissident movement as a historical prototype of political opposition: generalization based on the analysis of \u201creal socialism\u201d regimes in Poland, Hungary and Czechoslovakia.<\/a><\/p>\n\n\n\n<hr class=\"wp-block-separator has-alpha-channel-opacity is-style-wide\"\/>\n\n\n\n<p><a href=\"https:\/\/jcee.wsgk.com.pl\/?page_id=2110\"><strong><em>Tamara Kozak<\/em><br><\/strong>The Role of English as the Means of International Communication for the Development of World Market.<\/a><\/p>\n\n\n\n<hr class=\"wp-block-separator has-alpha-channel-opacity is-style-wide\"\/>\n\n\n\n<p><a href=\"https:\/\/jcee.wsgk.com.pl\/?page_id=2116\"><strong><em>Maryan Lopata<\/em><br><\/strong>Stability and efficiency of coalition governments in Poland and Czech Republic: comparative analysis.<\/a><\/p>\n\n\n\n<hr class=\"wp-block-separator has-alpha-channel-opacity is-style-wide\"\/>\n\n\n\n<p><a href=\"https:\/\/jcee.wsgk.com.pl\/?page_id=2122\"><strong><em>Vitaliy Lytvyn<\/em><br><\/strong>Isolation and taxonomy of semi-presidentialism with nominal presidents in central and Eastern European Countries of the eu: as exemplified by Bulgaria, Czechia, Slovakia and Slovenia.<\/a><\/p>\n\n\n\n<hr class=\"wp-block-separator has-alpha-channel-opacity is-style-wide\"\/>\n\n\n\n<p><a href=\"https:\/\/jcee.wsgk.com.pl\/?page_id=2129\"><strong><em>Aneta Moszczy\u0144ska<\/em><br><\/strong>The \u201cdilemma of simultaneity\u201d as a conceptual predictor of post-communist countries of Europe modernization\u2019s logistics: theoretical and methodological cut.<\/a><\/p>\n\n\n\n<hr class=\"wp-block-separator has-alpha-channel-opacity is-style-wide\"\/>\n\n\n\n<p><a href=\"https:\/\/jcee.wsgk.com.pl\/?page_id=2134\"><strong><em>Nadia Panchak-Bia\u0142ob\u0142ocka<\/em><br><\/strong>Patterns of minority governments\u2019 stability in European parliamentary democracies.<\/a><\/p>\n\n\n\n<hr class=\"wp-block-separator has-alpha-channel-opacity is-style-wide\"\/>\n\n\n\n<p><a href=\"https:\/\/jcee.wsgk.com.pl\/?page_id=2140\"><strong><em>Anatoliy Romaniuk<\/em><br><\/strong>Evolution of Ukrainian citizens\u2019 attitude towards the USSR and Russia in the context of the annexation of the Crimea and warfare in Donbas over the years 2014-2017.<\/a><\/p>\n\n\n\n<hr class=\"wp-block-separator has-alpha-channel-opacity is-style-wide\"\/>\n\n\n\n<p><a href=\"https:\/\/jcee.wsgk.com.pl\/?page_id=2146\"><strong><em>Lubomir Skochylias<\/em><br><\/strong>Legal and political evolution of the institution of president in Ukraine: from Kravchuk to Poroshenko.<\/a><\/p>\n\n\n\n<hr class=\"wp-block-separator has-alpha-channel-opacity is-style-wide\"\/>\n\n\n\n<p><a href=\"https:\/\/jcee.wsgk.com.pl\/?page_id=2152\"><strong><em>Lyubomyr Skochylyas, Jurij Hajduk<\/em><br><\/strong>Rewolucja pomara\u0144czowa na Ukrainie, d\u017cinsowa rewolucja na Bia\u0142orusi: powody zwyci\u0119stwa pierwszej i upadku ostatniej.<\/a><\/p>\n\n\n\n<hr class=\"wp-block-separator has-alpha-channel-opacity is-style-wide\"\/>\n\n\n\n<p><a href=\"https:\/\/jcee.wsgk.com.pl\/?page_id=2158\"><strong><em>Vladyslav Varinski<\/em><br><\/strong>Public structures as effective mechanism of forming of social capital in democratic countries.<\/a><\/p>\n\n\n\n<hr class=\"wp-block-separator has-alpha-channel-opacity is-style-wide\"\/>\n","protected":false},"excerpt":{"rendered":"<p>NUMBER-5: Androshchuk IrynaFar-left political parties, their origin, ideological positioning and place in the Czech Republic\u2019s party system (1990\u20132015): the case of the communist party of Bohemia and Moravia (KS\u010cM). Magdalena Bia\u0142ob\u0142ockaTowards filling the phenomenon and the term \u201cpolitical logistics\u201d with the theoretical<\/p>\n<p class=\"link-more\"><a class=\"myButt \" href=\"https:\/\/jcee.wsgk.com.pl\/?page_id=793\">Read More<\/a><\/p>\n","protected":false},"author":1,"featured_media":0,"parent":0,"menu_order":0,"comment_status":"closed","ping_status":"closed","template":"","meta":{"footnotes":""},"class_list":["post-793","page","type-page","status-publish","hentry"],"_links":{"self":[{"href":"https:\/\/jcee.wsgk.com.pl\/index.php?rest_route=\/wp\/v2\/pages\/793"}],"collection":[{"href":"https:\/\/jcee.wsgk.com.pl\/index.php?rest_route=\/wp\/v2\/pages"}],"about":[{"href":"https:\/\/jcee.wsgk.com.pl\/index.php?rest_route=\/wp\/v2\/types\/page"}],"author":[{"embeddable":true,"href":"https:\/\/jcee.wsgk.com.pl\/index.php?rest_route=\/wp\/v2\/users\/1"}],"replies":[{"embeddable":true,"href":"https:\/\/jcee.wsgk.com.pl\/index.php?rest_route=%2Fwp%2Fv2%2Fcomments&post=793"}],"version-history":[{"count":47,"href":"https:\/\/jcee.wsgk.com.pl\/index.php?rest_route=\/wp\/v2\/pages\/793\/revisions"}],"predecessor-version":[{"id":2278,"href":"https:\/\/jcee.wsgk.com.pl\/index.php?rest_route=\/wp\/v2\/pages\/793\/revisions\/2278"}],"wp:attachment":[{"href":"https:\/\/jcee.wsgk.com.pl\/index.php?rest_route=%2Fwp%2Fv2%2Fmedia&parent=793"}],"curies":[{"name":"wp","href":"https:\/\/api.w.org\/{rel}","templated":true}]}}