{"id":247,"date":"2021-04-15T09:37:38","date_gmt":"2021-04-15T07:37:38","guid":{"rendered":"http:\/\/jcee.wsgk.com.pl\/?page_id=247"},"modified":"2021-08-10T09:59:34","modified_gmt":"2021-08-10T07:59:34","slug":"procedury-recenzowania","status":"publish","type":"page","link":"https:\/\/jcee.wsgk.com.pl\/?page_id=247","title":{"rendered":"Procedury recenzowania"},"content":{"rendered":"\n<p class=\"has-black-color has-text-color\">\n1. Redakcja dokonuje wst\u0119pnego wyboru otrzymanych tekst\u00f3w,\npor\u00f3wnuj\u0105c profil czasopisma z ich tematyk\u0105 i zgodno\u015b\u0107 z\nwymogami redakcyjnymi.<\/p>\n\n\n\n<p class=\"has-black-color has-text-color\">2.\nWst\u0119pnie zaakceptowane teksty przekazywane s\u0105 dw\u00f3m niezale\u017cnym\nrecenzentom wsp\u00f3\u0142pracuj\u0105cym z redakcj\u0105. W przypadku tekst\u00f3w w\nj\u0119zykach obcych przynajmniej jeden recenzent powinien by\u0107\nafiliowany w instytucji zagranicznej.<\/p>\n\n\n\n<p class=\"has-black-color has-text-color\">3.\nProcedura double-blind jest standardow\u0105 procedur\u0105.<\/p>\n\n\n\n<p class=\"has-black-color has-text-color\">4.\nRecenzenci oceniaj\u0105 teksty wype\u0142niaj\u0105c formularz dost\u0119pny na\nstronie czasopisma: www.e-wsgk.pl<\/p>\n\n\n\n<p class=\"has-black-color has-text-color\">5.\nRecenzja ma na celu wydanie opinii, za\u015b ostateczn\u0105 decyzj\u0119 o\nprzyj\u0119ciu lub odrzuceniu tekstu podejmuje Redakcja.<\/p>\n\n\n\n<p class=\"has-black-color has-text-color\">6.\nSzczeg\u00f3\u0142owe zasady recenzowania artyku\u0142\u00f3w s\u0105 zgodne z wytycznymi\nMinisterstwa Nauki                                        i\nSzkolnictwa Wy\u017cszego, zawartymi w broszurze zawieraj\u0105cej opis\ndobrych praktyk w zakresie procedur recenzowania w nauce. Aby uzyska\u0107\nwi\u0119cej informacji prosimy o kontakt z redaktor naczeln\u0105: p. Aneta\nMoszczy\u0144ska, tel.: 24&nbsp;355 83 40, Wy\u017csza Szko\u0142a Gospodarki\nKrajowej w Kutnie, ul. Lelewela 7.<\/p>\n\n\n\n<p class=\"has-black-color has-text-color\">Dodatkowe\ndo<strong> KODEKS ETYCZNY, <\/strong>poni\u017cej link, wersja polska:<\/p>\n\n\n\n<p class=\"has-black-color has-text-color\"><a href=\"https:\/\/publicationethics.org\/files\/Full%20set%20of%20Polish%20flowcharts.pdf\">https:\/\/publicationethics.org\/files\/Full%20set%20of%20Polish%20flowcharts.pdf<\/a><\/p>\n\n\n\n<p class=\"has-black-color has-text-color\"><strong>English version::  <\/strong><\/p>\n\n\n\n<p class=\"has-black-color has-text-color\"><a href=\"https:\/\/publicationethics.org\/guidance\">https:\/\/publicationethics.org\/guidance<\/a><\/p>\n","protected":false},"excerpt":{"rendered":"<p>1. Redakcja dokonuje wst\u0119pnego wyboru otrzymanych tekst\u00f3w, por\u00f3wnuj\u0105c profil czasopisma z ich tematyk\u0105 i zgodno\u015b\u0107 z wymogami redakcyjnymi. 2. Wst\u0119pnie zaakceptowane teksty przekazywane s\u0105 dw\u00f3m niezale\u017cnym recenzentom wsp\u00f3\u0142pracuj\u0105cym z redakcj\u0105. W przypadku tekst\u00f3w w j\u0119zykach obcych przynajmniej jeden recenzent powinien by\u0107 afiliowany<\/p>\n<p class=\"link-more\"><a class=\"myButt \" href=\"https:\/\/jcee.wsgk.com.pl\/?page_id=247\">Read More<\/a><\/p>\n","protected":false},"author":1,"featured_media":0,"parent":0,"menu_order":0,"comment_status":"closed","ping_status":"closed","template":"","meta":{"footnotes":""},"class_list":["post-247","page","type-page","status-publish","hentry"],"_links":{"self":[{"href":"https:\/\/jcee.wsgk.com.pl\/index.php?rest_route=\/wp\/v2\/pages\/247"}],"collection":[{"href":"https:\/\/jcee.wsgk.com.pl\/index.php?rest_route=\/wp\/v2\/pages"}],"about":[{"href":"https:\/\/jcee.wsgk.com.pl\/index.php?rest_route=\/wp\/v2\/types\/page"}],"author":[{"embeddable":true,"href":"https:\/\/jcee.wsgk.com.pl\/index.php?rest_route=\/wp\/v2\/users\/1"}],"replies":[{"embeddable":true,"href":"https:\/\/jcee.wsgk.com.pl\/index.php?rest_route=%2Fwp%2Fv2%2Fcomments&post=247"}],"version-history":[{"count":3,"href":"https:\/\/jcee.wsgk.com.pl\/index.php?rest_route=\/wp\/v2\/pages\/247\/revisions"}],"predecessor-version":[{"id":353,"href":"https:\/\/jcee.wsgk.com.pl\/index.php?rest_route=\/wp\/v2\/pages\/247\/revisions\/353"}],"wp:attachment":[{"href":"https:\/\/jcee.wsgk.com.pl\/index.php?rest_route=%2Fwp%2Fv2%2Fmedia&parent=247"}],"curies":[{"name":"wp","href":"https:\/\/api.w.org\/{rel}","templated":true}]}}