{"id":246,"date":"2021-04-15T09:37:38","date_gmt":"2021-04-15T07:37:38","guid":{"rendered":"http:\/\/jcee.wsgk.com.pl\/?page_id=246"},"modified":"2021-08-10T09:58:47","modified_gmt":"2021-08-10T07:58:47","slug":"dla-autorow","status":"publish","type":"page","link":"https:\/\/jcee.wsgk.com.pl\/?page_id=246","title":{"rendered":"Dla Autor\u00f3w"},"content":{"rendered":"\n<p class=\"has-black-color has-text-color\">\nAutorzy, kt\u00f3rzy pragn\u0105 opublikowa\u0107 artyku\u0142y, raporty, recenzje\nlub komunikaty, powinni wys\u0142a\u0107 swoje teksty do redaktora\nnaczelnego. Redakcja oczekuje artyku\u0142\u00f3w zwi\u0105zanych z naukami\npolitycznymi i spo\u0142ecznymi, stosunkami mi\u0119dzynarodowymi lub\nstudiami europejskimi.<\/p>\n\n\n\n<p class=\"has-black-color has-text-color\"> \n  Proponowane teksty s\u0105 recenzowane.<\/p>\n\n\n\n<p class=\"has-black-color has-text-color\"> \n  Teksty przeznaczone do publikacji w czasopi\u015bmie, streszczeniu i\ntytu\u0142ach powinny by\u0107 przygotowane w j\u0119zyku polskim, angielskim lub\nukrai\u0144skim.<\/p>\n\n\n\n<p class=\"has-black-color has-text-color\"> \n  Podsumowanie w j\u0119zyku polskim, angielskim lub ukrai\u0144skim powinno\nzawiera\u0107 100 s\u0142\u00f3w i odnosi\u0107 si\u0119 do celu, za\u0142o\u017ce\u0144, wynik\u00f3w\nbada\u0144 i wniosk\u00f3w.<\/p>\n\n\n\n<p class=\"has-black-color has-text-color\"> \n  S\u0142owa kluczowe w j\u0119zyku polskim, angielskim lub ukrai\u0144skim\npowinny wyra\u017anie przedstawia\u0107 sedno rozwa\u017ca\u0144 i pasowa\u0107 do\nkategorii z obszarem bada\u0144<\/p>\n\n\n\n<p class=\"has-black-color has-text-color\"> \n  Informacje (w j\u0119zyku polskim, angielskim lub ukrai\u0144skim) o\nAutorze obejmuj\u0105: imi\u0119 i nazwisko, stopie\u0144 naukowy, miejsce pracy\ni adres e-mail.<\/p>\n\n\n\n<p class=\"has-black-color has-text-color\"> \n  Teksty w formacie WORD i TeX, rozmiar czcionki: 12 TnR, wiod\u0105ce\n1,5 nale\u017cy przes\u0142a\u0107 do redaktora poczt\u0105 elektroniczn\u0105. Redaktor\nzastrzega sobie prawo do wprowadzania zmian w tekstach.<\/p>\n\n\n\n<p class=\"has-black-color has-text-color\"> \n  Teksty zostan\u0105 podzielone na ponumerowane, uprawnione cz\u0119\u015bci.<\/p>\n\n\n\n<p class=\"has-black-color has-text-color\"> \n  9, Teksty, w tym przypisy, nie powinny przekracza\u0107 22, ocena\nrecenzenta 8 i raport naukowy                                       6\nstandardowych stron, Redaktor zastrzega sobie prawo do dokonywania\nci\u0119\u0107 i poprawek uzgodnionych z Autorem.<\/p>\n\n\n\n<p class=\"has-black-color has-text-color\"> \n  Ka\u017cda tabela, wykres lub wykres powinny by\u0107 ponumerowane, tytu\u0142\ni \u017ar\u00f3d\u0142o. Numery i tytu\u0142y nale\u017cy umie\u015bci\u0107 powy\u017cej, a opisy\nbibliograficzne \u017ar\u00f3de\u0142 poni\u017cej ilustracji.<\/p>\n\n\n\n<p class=\"has-black-color has-text-color\"> \n  Zagraniczne inkluzje powinny by\u0107 zapisane kursyw\u0105, cytaty uj\u0119te\nw cudzys\u0142\u00f3w (nie stosowa\u0107 kursywy). Tytu\u0142y ksi\u0105\u017cek wymienione w\ntek\u015bcie nale\u017cy pisa\u0107 kursyw\u0105 bez cudzys\u0142ow\u00f3w, w przypisach\ntylko tytu\u0142y ksi\u0105\u017cek i artyku\u0142\u00f3w powinny by\u0107 pisane kursyw\u0105.<\/p>\n\n\n\n<p class=\"has-black-color has-text-color\"> \n  Je\u015bli to mo\u017cliwe, nale\u017cy poda\u0107 link do publicznie dost\u0119pnych\nadres\u00f3w www i adres\u00f3w URL z dat\u0105 dost\u0119pu do wydania cytowanego [w\nnawiasach kwadratowych].<\/p>\n\n\n\n<p class=\"has-black-color has-text-color\"> \n  Przypisy nale\u017cy przedstawi\u0107 na dole ka\u017cdej strony.<\/p>\n\n\n\n<p class=\"has-black-color has-text-color\"> \n  Opisy bibliograficzne powinny spe\u0142nia\u0107 wymogi zgodnie z\nMi\u0119dzynarodowym Standardowym Opisem Bibliograficznym (ISBD).<\/p>\n","protected":false},"excerpt":{"rendered":"<p>Autorzy, kt\u00f3rzy pragn\u0105 opublikowa\u0107 artyku\u0142y, raporty, recenzje lub komunikaty, powinni wys\u0142a\u0107 swoje teksty do redaktora naczelnego. Redakcja oczekuje artyku\u0142\u00f3w zwi\u0105zanych z naukami politycznymi i spo\u0142ecznymi, stosunkami mi\u0119dzynarodowymi lub studiami europejskimi. Proponowane teksty s\u0105 recenzowane. Teksty przeznaczone do publikacji w czasopi\u015bmie, streszczeniu i<\/p>\n<p class=\"link-more\"><a class=\"myButt \" href=\"https:\/\/jcee.wsgk.com.pl\/?page_id=246\">Read More<\/a><\/p>\n","protected":false},"author":1,"featured_media":0,"parent":0,"menu_order":0,"comment_status":"closed","ping_status":"closed","template":"","meta":{"footnotes":""},"class_list":["post-246","page","type-page","status-publish","hentry"],"_links":{"self":[{"href":"https:\/\/jcee.wsgk.com.pl\/index.php?rest_route=\/wp\/v2\/pages\/246"}],"collection":[{"href":"https:\/\/jcee.wsgk.com.pl\/index.php?rest_route=\/wp\/v2\/pages"}],"about":[{"href":"https:\/\/jcee.wsgk.com.pl\/index.php?rest_route=\/wp\/v2\/types\/page"}],"author":[{"embeddable":true,"href":"https:\/\/jcee.wsgk.com.pl\/index.php?rest_route=\/wp\/v2\/users\/1"}],"replies":[{"embeddable":true,"href":"https:\/\/jcee.wsgk.com.pl\/index.php?rest_route=%2Fwp%2Fv2%2Fcomments&post=246"}],"version-history":[{"count":3,"href":"https:\/\/jcee.wsgk.com.pl\/index.php?rest_route=\/wp\/v2\/pages\/246\/revisions"}],"predecessor-version":[{"id":352,"href":"https:\/\/jcee.wsgk.com.pl\/index.php?rest_route=\/wp\/v2\/pages\/246\/revisions\/352"}],"wp:attachment":[{"href":"https:\/\/jcee.wsgk.com.pl\/index.php?rest_route=%2Fwp%2Fv2%2Fmedia&parent=246"}],"curies":[{"name":"wp","href":"https:\/\/api.w.org\/{rel}","templated":true}]}}