{"id":2046,"date":"2023-05-18T19:07:03","date_gmt":"2023-05-18T17:07:03","guid":{"rendered":"http:\/\/jcee.wsgk.com.pl\/?page_id=2046"},"modified":"2023-05-18T19:09:00","modified_gmt":"2023-05-18T17:09:00","slug":"innovation-policy-of-social-and-economic-development-essence-and-structuring-2","status":"publish","type":"page","link":"https:\/\/jcee.wsgk.com.pl\/?page_id=2046","title":{"rendered":"Innovation Policy Of Social And Economic Development: Essence And Structuring."},"content":{"rendered":"\n<p><strong>AUTHOR:<\/strong><br><em>S\u0142awomira Bia\u0142ob\u0142ocka<\/em><\/p>\n\n\n\n<p><strong>ABSTRACT:<\/strong><br>The article is devoted to theoretical and methodological review of the phenomenon of innovation and innovative socio-economic development. The scientist analyzed the nature, structure and expected strategies and consequences of innovative socio-economic development. On this basis, it was argued that innovations increase its efficiency on the basis of policy, including government, implementation of innovations. It was found that the effectiveness of innovation policy promotes socio-economic and political modernization.<\/p>\n\n\n\n<p><strong>DOWNLOAD FULL ARTICLE:<\/strong><\/p>\n\n\n\n<figure class=\"wp-block-image size-thumbnail\"><a href=\"https:\/\/jcee.wsgk.com.pl\/wp-content\/uploads\/archive_2016\/Bia\u0142ob\u0142ocka S. 6-2016.pdf\"><img decoding=\"async\" width=\"150\" height=\"150\" src=\"https:\/\/jcee.wsgk.com.pl\/wp-content\/uploads\/2023\/04\/vector-pdf-icon-symbol-sign-150x150.webp\" alt=\"\" class=\"wp-image-788\" srcset=\"https:\/\/jcee.wsgk.com.pl\/wp-content\/uploads\/2023\/04\/vector-pdf-icon-symbol-sign-150x150.webp 150w, https:\/\/jcee.wsgk.com.pl\/wp-content\/uploads\/2023\/04\/vector-pdf-icon-symbol-sign-300x300.webp 300w, https:\/\/jcee.wsgk.com.pl\/wp-content\/uploads\/2023\/04\/vector-pdf-icon-symbol-sign-1024x1024.webp 1024w, https:\/\/jcee.wsgk.com.pl\/wp-content\/uploads\/2023\/04\/vector-pdf-icon-symbol-sign-768x768.webp 768w, https:\/\/jcee.wsgk.com.pl\/wp-content\/uploads\/2023\/04\/vector-pdf-icon-symbol-sign-1536x1536.webp 1536w, https:\/\/jcee.wsgk.com.pl\/wp-content\/uploads\/2023\/04\/vector-pdf-icon-symbol-sign-2048x2048.webp 2048w\" sizes=\"(max-width: 150px) 100vw, 150px\" \/><\/a><\/figure>\n","protected":false},"excerpt":{"rendered":"<p>AUTHOR:S\u0142awomira Bia\u0142ob\u0142ocka ABSTRACT:The article is devoted to theoretical and methodological review of the phenomenon of innovation and innovative socio-economic development. The scientist analyzed the nature, structure and expected strategies and consequences of innovative socio-economic development. On this basis, it was argued that<\/p>\n<p class=\"link-more\"><a class=\"myButt \" href=\"https:\/\/jcee.wsgk.com.pl\/?page_id=2046\">Read More<\/a><\/p>\n","protected":false},"author":1,"featured_media":0,"parent":0,"menu_order":0,"comment_status":"closed","ping_status":"closed","template":"","meta":{"footnotes":""},"class_list":["post-2046","page","type-page","status-publish","hentry"],"_links":{"self":[{"href":"https:\/\/jcee.wsgk.com.pl\/index.php?rest_route=\/wp\/v2\/pages\/2046"}],"collection":[{"href":"https:\/\/jcee.wsgk.com.pl\/index.php?rest_route=\/wp\/v2\/pages"}],"about":[{"href":"https:\/\/jcee.wsgk.com.pl\/index.php?rest_route=\/wp\/v2\/types\/page"}],"author":[{"embeddable":true,"href":"https:\/\/jcee.wsgk.com.pl\/index.php?rest_route=\/wp\/v2\/users\/1"}],"replies":[{"embeddable":true,"href":"https:\/\/jcee.wsgk.com.pl\/index.php?rest_route=%2Fwp%2Fv2%2Fcomments&post=2046"}],"version-history":[{"count":3,"href":"https:\/\/jcee.wsgk.com.pl\/index.php?rest_route=\/wp\/v2\/pages\/2046\/revisions"}],"predecessor-version":[{"id":2051,"href":"https:\/\/jcee.wsgk.com.pl\/index.php?rest_route=\/wp\/v2\/pages\/2046\/revisions\/2051"}],"wp:attachment":[{"href":"https:\/\/jcee.wsgk.com.pl\/index.php?rest_route=%2Fwp%2Fv2%2Fmedia&parent=2046"}],"curies":[{"name":"wp","href":"https:\/\/api.w.org\/{rel}","templated":true}]}}