{"id":20,"date":"2021-02-11T14:05:43","date_gmt":"2021-02-11T13:05:43","guid":{"rendered":"http:\/\/jcee.wsgk.com.pl\/?page_id=20"},"modified":"2023-04-06T19:42:13","modified_gmt":"2023-04-06T17:42:13","slug":"layout","status":"publish","type":"page","link":"https:\/\/jcee.wsgk.com.pl\/","title":{"rendered":""},"content":{"rendered":"\t\t<div data-elementor-type=\"wp-page\" data-elementor-id=\"20\" class=\"elementor elementor-20\">\n\t\t\t\t\t\t<section class=\"elementor-section elementor-top-section elementor-element elementor-element-6401ce4 elementor-section-boxed elementor-section-height-default elementor-section-height-default\" data-id=\"6401ce4\" data-element_type=\"section\" data-e-type=\"section\">\n\t\t\t\t\t\t<div class=\"elementor-container elementor-column-gap-default\">\n\t\t\t\t\t<div class=\"elementor-column elementor-col-100 elementor-top-column elementor-element elementor-element-2521bf6\" data-id=\"2521bf6\" data-element_type=\"column\" data-e-type=\"column\">\n\t\t\t<div class=\"elementor-widget-wrap elementor-element-populated\">\n\t\t\t\t\t\t<div class=\"elementor-element elementor-element-b7e1494 elementor-widget elementor-widget-heading\" data-id=\"b7e1494\" data-element_type=\"widget\" data-e-type=\"widget\" data-widget_type=\"heading.default\">\n\t\t\t\t<div class=\"elementor-widget-container\">\n\t\t\t\t\t<h2 class=\"elementor-heading-title elementor-size-default\">Witamy na stronie internetowej Studium Europy \u015arodkowej i Wschodniej.<br><\/h2>\t\t\t\t<\/div>\n\t\t\t\t<\/div>\n\t\t\t\t\t<\/div>\n\t\t<\/div>\n\t\t\t\t\t<\/div>\n\t\t<\/section>\n\t\t\t\t<section class=\"elementor-section elementor-top-section elementor-element elementor-element-5d7951a elementor-section-boxed elementor-section-height-default elementor-section-height-default\" data-id=\"5d7951a\" data-element_type=\"section\" data-e-type=\"section\">\n\t\t\t\t\t\t<div class=\"elementor-container elementor-column-gap-default\">\n\t\t\t\t\t<div class=\"elementor-column elementor-col-100 elementor-top-column elementor-element elementor-element-ae92ba2\" data-id=\"ae92ba2\" data-element_type=\"column\" data-e-type=\"column\">\n\t\t\t<div class=\"elementor-widget-wrap elementor-element-populated\">\n\t\t\t\t\t\t<div class=\"elementor-element elementor-element-627dcf7 elementor-widget-divider--view-line elementor-widget elementor-widget-divider\" data-id=\"627dcf7\" data-element_type=\"widget\" data-e-type=\"widget\" data-widget_type=\"divider.default\">\n\t\t\t\t<div class=\"elementor-widget-container\">\n\t\t\t\t\t\t\t<div class=\"elementor-divider\">\n\t\t\t<span class=\"elementor-divider-separator\">\n\t\t\t\t\t\t<\/span>\n\t\t<\/div>\n\t\t\t\t\t\t<\/div>\n\t\t\t\t<\/div>\n\t\t\t\t\t<\/div>\n\t\t<\/div>\n\t\t\t\t\t<\/div>\n\t\t<\/section>\n\t\t\t\t<section class=\"elementor-section elementor-top-section elementor-element elementor-element-a85f97c elementor-section-boxed elementor-section-height-default elementor-section-height-default\" data-id=\"a85f97c\" data-element_type=\"section\" data-e-type=\"section\">\n\t\t\t\t\t\t<div class=\"elementor-container elementor-column-gap-default\">\n\t\t\t\t\t<div class=\"elementor-column elementor-col-100 elementor-top-column elementor-element elementor-element-8a0c77c\" data-id=\"8a0c77c\" data-element_type=\"column\" data-e-type=\"column\">\n\t\t\t<div class=\"elementor-widget-wrap elementor-element-populated\">\n\t\t\t\t\t\t<div class=\"elementor-element elementor-element-67ce0bb elementor-widget elementor-widget-text-editor\" data-id=\"67ce0bb\" data-element_type=\"widget\" data-e-type=\"widget\" data-widget_type=\"text-editor.default\">\n\t\t\t\t<div class=\"elementor-widget-container\">\n\t\t\t\t\t\t\t\t\t<p>Czasopismo \u201eStudium Europy \u015arodkowej i Wschodniej\u201d jest publikacj\u0105 naukow\u0105 Wydzia\u0142u Studi\u00f3w Europejskich <a href=\"https:\/\/wsgk.com.pl\">Akademii Nauk Stosowanych Gospodarki Krajowej w Kutnie<\/a>.<\/p><p>Czasopismo prezentuje wyniki bada\u0144, pogl\u0105dy i dyskusje z zakresu nauk politycznych, stosunk\u00f3w mi\u0119dzynarodowych i europeistyki.<\/p><p>Ka\u017cdy artyku\u0142 publikowany na \u0142amach \u201cStudium Europy \u015arodkowej i Wschodniej\u201d poddany jest procesowi recenzji przez niezale\u017cnych recenzent\u00f3w spoza\u00a0jednostki naukowej afiliowanej przez autor\u00f3w publikacji. Ka\u017cda recenzja zawiera jednoznaczny wniosek recenzenta dotycz\u0105cy warunk\u00f3w dopuszczenia artyku\u0142u naukowego do publikacji lub jego odrzucenia.<\/p><p>Czasopismo jest wpisane do rejestru dziennik\u00f3w i czasopism tytu\u0142u prasowego numer rejestru 1413 oraz posiada potwierdzony numer ISSN 2353-8392.<\/p><p>Czasopismo ukazuje si\u0119 dwa razy w roku, numer pierwszy ukaza\u0142 si\u0119 w czerwcu 2014 r.<\/p><p>\u201cStudium\u201d jest czasopismem w otwartym dost\u0119pie (<em>open access<\/em>), a \u015bci\u015blej rzecz bior\u0105c czasopismem otwartego wyboru (<em>open choice<\/em>),\u00a0tzn. wersja elektroniczna ka\u017cdego\u00a0numeru jest w ca\u0142o\u015bci bezp\u0142atnie udost\u0119pniana na stronie czasopisma na licencji\u00a0<a href=\"https:\/\/web.archive.org\/web\/20180706104843\/http:\/creativecommons.org\/licenses\/by-nc-nd\/3.0\/pl\/legalcode\">Creative Commons\u00a0Uznanie autorstwa-U\u017cycie niekomercyjne-Bez utwor\u00f3w zale\u017cnych 3.0 Polska<\/a>\u00a0(pewne prawa zastrze\u017cone na rzecz wydawcy i autor\u00f3w), za\u015b wersja drukowana jest dost\u0119pna\u00a0w dystrybucji tradycyjnej. Publikacje w \u201cStudium\u201d s\u0105 bezp\u0142atne.\u00a0\u200b<\/p>\t\t\t\t\t\t\t\t<\/div>\n\t\t\t\t<\/div>\n\t\t\t\t\t<\/div>\n\t\t<\/div>\n\t\t\t\t\t<\/div>\n\t\t<\/section>\n\t\t\t\t<section class=\"elementor-section elementor-top-section elementor-element elementor-element-5b76782 elementor-section-boxed elementor-section-height-default elementor-section-height-default\" data-id=\"5b76782\" data-element_type=\"section\" data-e-type=\"section\">\n\t\t\t\t\t\t<div class=\"elementor-container elementor-column-gap-default\">\n\t\t\t\t\t<div class=\"elementor-column elementor-col-100 elementor-top-column elementor-element elementor-element-cd9cac5\" data-id=\"cd9cac5\" data-element_type=\"column\" data-e-type=\"column\">\n\t\t\t<div class=\"elementor-widget-wrap elementor-element-populated\">\n\t\t\t\t\t\t<div class=\"elementor-element elementor-element-c187851 elementor-widget-divider--view-line elementor-widget elementor-widget-divider\" data-id=\"c187851\" data-element_type=\"widget\" data-e-type=\"widget\" data-widget_type=\"divider.default\">\n\t\t\t\t<div class=\"elementor-widget-container\">\n\t\t\t\t\t\t\t<div class=\"elementor-divider\">\n\t\t\t<span class=\"elementor-divider-separator\">\n\t\t\t\t\t\t<\/span>\n\t\t<\/div>\n\t\t\t\t\t\t<\/div>\n\t\t\t\t<\/div>\n\t\t\t\t\t<\/div>\n\t\t<\/div>\n\t\t\t\t\t<\/div>\n\t\t<\/section>\n\t\t\t\t<section class=\"elementor-section elementor-top-section elementor-element elementor-element-dd1a5a4 elementor-section-boxed elementor-section-height-default elementor-section-height-default\" data-id=\"dd1a5a4\" data-element_type=\"section\" data-e-type=\"section\">\n\t\t\t\t\t\t<div class=\"elementor-container elementor-column-gap-default\">\n\t\t\t\t\t<div class=\"elementor-column elementor-col-100 elementor-top-column elementor-element elementor-element-0f6af10\" data-id=\"0f6af10\" data-element_type=\"column\" data-e-type=\"column\">\n\t\t\t<div class=\"elementor-widget-wrap elementor-element-populated\">\n\t\t\t\t\t\t<div class=\"elementor-element elementor-element-e339e66 elementor-shape-rounded elementor-grid-0 e-grid-align-center elementor-widget elementor-widget-social-icons\" data-id=\"e339e66\" data-element_type=\"widget\" data-e-type=\"widget\" data-widget_type=\"social-icons.default\">\n\t\t\t\t<div class=\"elementor-widget-container\">\n\t\t\t\t\t\t\t<div class=\"elementor-social-icons-wrapper elementor-grid\" role=\"list\">\n\t\t\t\t\t\t\t<span class=\"elementor-grid-item\" role=\"listitem\">\n\t\t\t\t\t<a class=\"elementor-icon elementor-social-icon elementor-social-icon-facebook elementor-repeater-item-62a57d1\" href=\"http:\/\/www.facebook.com\/ansgkkutno\" target=\"_blank\">\n\t\t\t\t\t\t<span class=\"elementor-screen-only\">Facebook<\/span>\n\t\t\t\t\t\t<i aria-hidden=\"true\" class=\"fab fa-facebook\"><\/i>\t\t\t\t\t<\/a>\n\t\t\t\t<\/span>\n\t\t\t\t\t\t\t<span class=\"elementor-grid-item\" role=\"listitem\">\n\t\t\t\t\t<a class=\"elementor-icon elementor-social-icon elementor-social-icon-instagram elementor-repeater-item-efcb4e3\" href=\"http:\/\/www.instagram.com\/ansgkkutno\" target=\"_blank\">\n\t\t\t\t\t\t<span class=\"elementor-screen-only\">Instagram<\/span>\n\t\t\t\t\t\t<i aria-hidden=\"true\" class=\"fab fa-instagram\"><\/i>\t\t\t\t\t<\/a>\n\t\t\t\t<\/span>\n\t\t\t\t\t\t\t<span class=\"elementor-grid-item\" role=\"listitem\">\n\t\t\t\t\t<a class=\"elementor-icon elementor-social-icon elementor-social-icon-twitter elementor-repeater-item-8ae4e61\" href=\"http:\/\/www.twitter.com\/ansgkkutno\" target=\"_blank\">\n\t\t\t\t\t\t<span class=\"elementor-screen-only\">Twitter<\/span>\n\t\t\t\t\t\t<i aria-hidden=\"true\" class=\"fab fa-twitter\"><\/i>\t\t\t\t\t<\/a>\n\t\t\t\t<\/span>\n\t\t\t\t\t<\/div>\n\t\t\t\t\t\t<\/div>\n\t\t\t\t<\/div>\n\t\t\t\t\t<\/div>\n\t\t<\/div>\n\t\t\t\t\t<\/div>\n\t\t<\/section>\n\t\t\t\t<\/div>\n\t\t","protected":false},"excerpt":{"rendered":"<p>Witamy na stronie internetowej Studium Europy \u015arodkowej i Wschodniej. Czasopismo \u201eStudium Europy \u015arodkowej i Wschodniej\u201d jest publikacj\u0105 naukow\u0105 Wydzia\u0142u Studi\u00f3w Europejskich Akademii Nauk Stosowanych Gospodarki Krajowej w Kutnie. Czasopismo prezentuje wyniki bada\u0144, pogl\u0105dy i dyskusje z zakresu nauk politycznych, stosunk\u00f3w mi\u0119dzynarodowych i<\/p>\n<p class=\"link-more\"><a class=\"myButt \" href=\"https:\/\/jcee.wsgk.com.pl\/\">Read More<\/a><\/p>\n","protected":false},"author":1,"featured_media":0,"parent":0,"menu_order":0,"comment_status":"closed","ping_status":"closed","template":"","meta":{"footnotes":""},"class_list":["post-20","page","type-page","status-publish","hentry"],"_links":{"self":[{"href":"https:\/\/jcee.wsgk.com.pl\/index.php?rest_route=\/wp\/v2\/pages\/20"}],"collection":[{"href":"https:\/\/jcee.wsgk.com.pl\/index.php?rest_route=\/wp\/v2\/pages"}],"about":[{"href":"https:\/\/jcee.wsgk.com.pl\/index.php?rest_route=\/wp\/v2\/types\/page"}],"author":[{"embeddable":true,"href":"https:\/\/jcee.wsgk.com.pl\/index.php?rest_route=\/wp\/v2\/users\/1"}],"replies":[{"embeddable":true,"href":"https:\/\/jcee.wsgk.com.pl\/index.php?rest_route=%2Fwp%2Fv2%2Fcomments&post=20"}],"version-history":[{"count":44,"href":"https:\/\/jcee.wsgk.com.pl\/index.php?rest_route=\/wp\/v2\/pages\/20\/revisions"}],"predecessor-version":[{"id":776,"href":"https:\/\/jcee.wsgk.com.pl\/index.php?rest_route=\/wp\/v2\/pages\/20\/revisions\/776"}],"wp:attachment":[{"href":"https:\/\/jcee.wsgk.com.pl\/index.php?rest_route=%2Fwp%2Fv2%2Fmedia&parent=20"}],"curies":[{"name":"wp","href":"https:\/\/api.w.org\/{rel}","templated":true}]}}