{"id":1887,"date":"2023-05-15T10:21:08","date_gmt":"2023-05-15T08:21:08","guid":{"rendered":"http:\/\/jcee.wsgk.com.pl\/?page_id=1887"},"modified":"2023-05-15T10:24:15","modified_gmt":"2023-05-15T08:24:15","slug":"rola-monarchii-brytyjskiej-we-wspolczesnym-swiecie","status":"publish","type":"page","link":"https:\/\/jcee.wsgk.com.pl\/?page_id=1887","title":{"rendered":"Rola monarchii brytyjskiej we wsp\u00f3\u0142czesnym \u015bwiecie."},"content":{"rendered":"\n<p><strong>AUTHOR:<\/strong><br><em>Magdalena Bewicz<\/em><\/p>\n\n\n\n<p><strong>ABSTRACT:<\/strong><br>W og\u00f3lnym, a jednocze\u015bnie podstawowym rozumieniu, rola to udzia\u0142 jednostki albo grupy ludzi, ewentualnie pewnego organu, instytucji w bli\u017cej niezdefiniowanym zdarzeniu.1 Inny- mi s\u0142owy, rola to do pewnego stopnia zaanga\u017cowanie jednego podmiotu w dzia\u0142anie innego. Co wi\u0119cej, trzeba zwr\u00f3ci\u0107 uwag\u0119 na wag\u0119 wspomnianej partycypacji, jak r\u00f3wnie\u017c zaj\u0119te przez stron\u0119 stanowisko w konkretnej sprawie. Rola to dzia\u0142anie w jakim\u015b charakterze, zmierzaj\u0105ce do osi\u0105gni\u0119cia postawionych cel\u00f3w. Dzia\u0142anie to mo\u017ce by\u0107 nakierowane na jednostk\u0119, zesp\u00f3\u0142 jednostek albo szeroko rozumiane dobro og\u00f3\u0142u.<\/p>\n\n\n\n<p><strong>DOWNLOAD FULL ARTICLE:<\/strong><\/p>\n\n\n\n<figure class=\"wp-block-image size-thumbnail\"><a href=\"https:\/\/jcee.wsgk.com.pl\/wp-content\/uploads\/archive_2017\/Bewicz M. 8-2017.pdf\"><img decoding=\"async\" width=\"150\" height=\"150\" src=\"https:\/\/jcee.wsgk.com.pl\/wp-content\/uploads\/2023\/04\/vector-pdf-icon-symbol-sign-150x150.webp\" alt=\"\" class=\"wp-image-788\" srcset=\"https:\/\/jcee.wsgk.com.pl\/wp-content\/uploads\/2023\/04\/vector-pdf-icon-symbol-sign-150x150.webp 150w, https:\/\/jcee.wsgk.com.pl\/wp-content\/uploads\/2023\/04\/vector-pdf-icon-symbol-sign-300x300.webp 300w, https:\/\/jcee.wsgk.com.pl\/wp-content\/uploads\/2023\/04\/vector-pdf-icon-symbol-sign-1024x1024.webp 1024w, https:\/\/jcee.wsgk.com.pl\/wp-content\/uploads\/2023\/04\/vector-pdf-icon-symbol-sign-768x768.webp 768w, https:\/\/jcee.wsgk.com.pl\/wp-content\/uploads\/2023\/04\/vector-pdf-icon-symbol-sign-1536x1536.webp 1536w, https:\/\/jcee.wsgk.com.pl\/wp-content\/uploads\/2023\/04\/vector-pdf-icon-symbol-sign-2048x2048.webp 2048w\" sizes=\"(max-width: 150px) 100vw, 150px\" \/><\/a><\/figure>\n","protected":false},"excerpt":{"rendered":"<p>AUTHOR:Magdalena Bewicz ABSTRACT:W og\u00f3lnym, a jednocze\u015bnie podstawowym rozumieniu, rola to udzia\u0142 jednostki albo grupy ludzi, ewentualnie pewnego organu, instytucji w bli\u017cej niezdefiniowanym zdarzeniu.1 Inny- mi s\u0142owy, rola to do pewnego stopnia zaanga\u017cowanie jednego podmiotu w dzia\u0142anie innego. Co wi\u0119cej, trzeba zwr\u00f3ci\u0107 uwag\u0119<\/p>\n<p class=\"link-more\"><a class=\"myButt \" href=\"https:\/\/jcee.wsgk.com.pl\/?page_id=1887\">Read More<\/a><\/p>\n","protected":false},"author":1,"featured_media":0,"parent":0,"menu_order":0,"comment_status":"closed","ping_status":"closed","template":"","meta":{"footnotes":""},"class_list":["post-1887","page","type-page","status-publish","hentry"],"_links":{"self":[{"href":"https:\/\/jcee.wsgk.com.pl\/index.php?rest_route=\/wp\/v2\/pages\/1887"}],"collection":[{"href":"https:\/\/jcee.wsgk.com.pl\/index.php?rest_route=\/wp\/v2\/pages"}],"about":[{"href":"https:\/\/jcee.wsgk.com.pl\/index.php?rest_route=\/wp\/v2\/types\/page"}],"author":[{"embeddable":true,"href":"https:\/\/jcee.wsgk.com.pl\/index.php?rest_route=\/wp\/v2\/users\/1"}],"replies":[{"embeddable":true,"href":"https:\/\/jcee.wsgk.com.pl\/index.php?rest_route=%2Fwp%2Fv2%2Fcomments&post=1887"}],"version-history":[{"count":3,"href":"https:\/\/jcee.wsgk.com.pl\/index.php?rest_route=\/wp\/v2\/pages\/1887\/revisions"}],"predecessor-version":[{"id":1891,"href":"https:\/\/jcee.wsgk.com.pl\/index.php?rest_route=\/wp\/v2\/pages\/1887\/revisions\/1891"}],"wp:attachment":[{"href":"https:\/\/jcee.wsgk.com.pl\/index.php?rest_route=%2Fwp%2Fv2%2Fmedia&parent=1887"}],"curies":[{"name":"wp","href":"https:\/\/api.w.org\/{rel}","templated":true}]}}