{"id":1874,"date":"2023-05-15T10:11:12","date_gmt":"2023-05-15T08:11:12","guid":{"rendered":"http:\/\/jcee.wsgk.com.pl\/?page_id=1874"},"modified":"2023-05-15T10:13:54","modified_gmt":"2023-05-15T08:13:54","slug":"rewolucja-pomaranczowa-na-ukrainie-dzinsowa-rewolucja-na-bialorusi-powody-zwyciestwa-pierwszej-i-upadku-ostatniej","status":"publish","type":"page","link":"https:\/\/jcee.wsgk.com.pl\/?page_id=1874","title":{"rendered":"Rewolucja pomara\u0144czowa na Ukrainie, d\u017cinsowa rewolucja na Bia\u0142orusi: powody zwyci\u0119stwa pierwszej i upadku ostatniej."},"content":{"rendered":"\n<p><strong>AUTHOR:<\/strong><\/p>\n\n\n\n<p><em>Lyubomyr Skochylyas, Jurij Hajduk<\/em><\/p>\n\n\n\n<p><strong>ABSTRACT:<\/strong><\/p>\n\n\n\n<p>W artykule jego autorzy wskazuj\u0105 na przes\u0142anki i powody tak zwanych kolorowych rewolucji, si\u0119gaj\u0105c do przyk\u0142adu rewolucji pomara\u0144czowej na Ukrainie i d\u017cinsowej rewolucji na Bia\u0142orusi. Podejmuj\u0105 pr\u00f3b\u0119 wskazania podobie\u0144stw i r\u00f3\u017cnic spo\u0142eczno-gospodarczym i politycznym. Poddaj\u0105 analizie taktyk\u0119 i strategi\u0119 grup protestuj\u0105cych i si\u0142 opozycyjnych, w obydwu krajach. Zwracaj\u0105 tak\u017ce szczeg\u00f3ln\u0105 uwag\u0119 na kryteria\u0431, sprzyjaj\u0105ce zwyci\u0119skiemu zako\u0144czeniu pomara\u0144czowej i upadku d\u017cinsowej rewolucji.<\/p>\n\n\n\n<p><strong>DOWNLOAD FULL ARTICLE:<\/strong><\/p>\n\n\n\n<figure class=\"wp-block-image size-thumbnail\"><a href=\"https:\/\/jcee.wsgk.com.pl\/wp-content\/uploads\/archive_2017\/Skochylyas L., Hajduk J. 7-2017.pdf\"><img decoding=\"async\" width=\"150\" height=\"150\" src=\"https:\/\/jcee.wsgk.com.pl\/wp-content\/uploads\/2023\/04\/vector-pdf-icon-symbol-sign-150x150.webp\" alt=\"\" class=\"wp-image-788\" srcset=\"https:\/\/jcee.wsgk.com.pl\/wp-content\/uploads\/2023\/04\/vector-pdf-icon-symbol-sign-150x150.webp 150w, https:\/\/jcee.wsgk.com.pl\/wp-content\/uploads\/2023\/04\/vector-pdf-icon-symbol-sign-300x300.webp 300w, https:\/\/jcee.wsgk.com.pl\/wp-content\/uploads\/2023\/04\/vector-pdf-icon-symbol-sign-1024x1024.webp 1024w, https:\/\/jcee.wsgk.com.pl\/wp-content\/uploads\/2023\/04\/vector-pdf-icon-symbol-sign-768x768.webp 768w, https:\/\/jcee.wsgk.com.pl\/wp-content\/uploads\/2023\/04\/vector-pdf-icon-symbol-sign-1536x1536.webp 1536w, https:\/\/jcee.wsgk.com.pl\/wp-content\/uploads\/2023\/04\/vector-pdf-icon-symbol-sign-2048x2048.webp 2048w\" sizes=\"(max-width: 150px) 100vw, 150px\" \/><\/a><\/figure>\n","protected":false},"excerpt":{"rendered":"<p>AUTHOR: Lyubomyr Skochylyas, Jurij Hajduk ABSTRACT: W artykule jego autorzy wskazuj\u0105 na przes\u0142anki i powody tak zwanych kolorowych rewolucji, si\u0119gaj\u0105c do przyk\u0142adu rewolucji pomara\u0144czowej na Ukrainie i d\u017cinsowej rewolucji na Bia\u0142orusi. Podejmuj\u0105 pr\u00f3b\u0119 wskazania podobie\u0144stw i r\u00f3\u017cnic spo\u0142eczno-gospodarczym i politycznym. Poddaj\u0105 analizie<\/p>\n<p class=\"link-more\"><a class=\"myButt \" href=\"https:\/\/jcee.wsgk.com.pl\/?page_id=1874\">Read More<\/a><\/p>\n","protected":false},"author":1,"featured_media":0,"parent":0,"menu_order":0,"comment_status":"closed","ping_status":"closed","template":"","meta":{"footnotes":""},"class_list":["post-1874","page","type-page","status-publish","hentry"],"_links":{"self":[{"href":"https:\/\/jcee.wsgk.com.pl\/index.php?rest_route=\/wp\/v2\/pages\/1874"}],"collection":[{"href":"https:\/\/jcee.wsgk.com.pl\/index.php?rest_route=\/wp\/v2\/pages"}],"about":[{"href":"https:\/\/jcee.wsgk.com.pl\/index.php?rest_route=\/wp\/v2\/types\/page"}],"author":[{"embeddable":true,"href":"https:\/\/jcee.wsgk.com.pl\/index.php?rest_route=\/wp\/v2\/users\/1"}],"replies":[{"embeddable":true,"href":"https:\/\/jcee.wsgk.com.pl\/index.php?rest_route=%2Fwp%2Fv2%2Fcomments&post=1874"}],"version-history":[{"count":3,"href":"https:\/\/jcee.wsgk.com.pl\/index.php?rest_route=\/wp\/v2\/pages\/1874\/revisions"}],"predecessor-version":[{"id":1879,"href":"https:\/\/jcee.wsgk.com.pl\/index.php?rest_route=\/wp\/v2\/pages\/1874\/revisions\/1879"}],"wp:attachment":[{"href":"https:\/\/jcee.wsgk.com.pl\/index.php?rest_route=%2Fwp%2Fv2%2Fmedia&parent=1874"}],"curies":[{"name":"wp","href":"https:\/\/api.w.org\/{rel}","templated":true}]}}