{"id":1560,"date":"2023-05-09T07:57:02","date_gmt":"2023-05-09T05:57:02","guid":{"rendered":"http:\/\/jcee.wsgk.com.pl\/?page_id=1560"},"modified":"2023-05-09T07:59:18","modified_gmt":"2023-05-09T05:59:18","slug":"the-evolution-and-features-of-the-system-and-mechanisms-of-planning-and-implementation-of-socio-economic-development-in-the-countries-of-the-visegrad-group","status":"publish","type":"page","link":"https:\/\/jcee.wsgk.com.pl\/?page_id=1560","title":{"rendered":"The evolution and features of the system and mechanisms of planning and implementation of socio-economic development in the countries of the Visegrad group."},"content":{"rendered":"\n<p><strong>AUTHOR:<\/strong><br><em>S\u0142awomira Bia\u0142ob\u0142ocka<\/em><\/p>\n\n\n\n<p><strong>ABSTRACT:<\/strong><br>The article is dedicated to analyzing the evolution and features of the system and mechanisms of planning and implementation of socio-economic development in the countries of the Visegrad group. The author motivated that the countries of the region have undergone several stages of formation and planning of their systems and mechanisms for implementation of socio-economic development \u2013 first in more extensive form and later in more intensive form. At the same time, it was argued that the problems of planning and implementation of socio-economic development still occupy an important place in the normative-legal formalizations and in government-management and political processes in the countries of the Visegrad Group.<\/p>\n\n\n\n<p><strong>DOWNLOAD FULL ARTICLE:<\/strong><\/p>\n\n\n\n<figure class=\"wp-block-image size-thumbnail\"><a href=\"https:\/\/jcee.wsgk.com.pl\/wp-content\/uploads\/archive_2018\/Bia\u0142ob\u0142ocka S. 9-2018.pdf\"><img decoding=\"async\" width=\"150\" height=\"150\" src=\"https:\/\/jcee.wsgk.com.pl\/wp-content\/uploads\/2023\/04\/vector-pdf-icon-symbol-sign-150x150.webp\" alt=\"\" class=\"wp-image-788\" srcset=\"https:\/\/jcee.wsgk.com.pl\/wp-content\/uploads\/2023\/04\/vector-pdf-icon-symbol-sign-150x150.webp 150w, https:\/\/jcee.wsgk.com.pl\/wp-content\/uploads\/2023\/04\/vector-pdf-icon-symbol-sign-300x300.webp 300w, https:\/\/jcee.wsgk.com.pl\/wp-content\/uploads\/2023\/04\/vector-pdf-icon-symbol-sign-1024x1024.webp 1024w, https:\/\/jcee.wsgk.com.pl\/wp-content\/uploads\/2023\/04\/vector-pdf-icon-symbol-sign-768x768.webp 768w, https:\/\/jcee.wsgk.com.pl\/wp-content\/uploads\/2023\/04\/vector-pdf-icon-symbol-sign-1536x1536.webp 1536w, https:\/\/jcee.wsgk.com.pl\/wp-content\/uploads\/2023\/04\/vector-pdf-icon-symbol-sign-2048x2048.webp 2048w\" sizes=\"(max-width: 150px) 100vw, 150px\" \/><\/a><\/figure>\n","protected":false},"excerpt":{"rendered":"<p>AUTHOR:S\u0142awomira Bia\u0142ob\u0142ocka ABSTRACT:The article is dedicated to analyzing the evolution and features of the system and mechanisms of planning and implementation of socio-economic development in the countries of the Visegrad group. The author motivated that the countries of the region have undergone<\/p>\n<p class=\"link-more\"><a class=\"myButt \" href=\"https:\/\/jcee.wsgk.com.pl\/?page_id=1560\">Read More<\/a><\/p>\n","protected":false},"author":1,"featured_media":0,"parent":0,"menu_order":0,"comment_status":"closed","ping_status":"closed","template":"","meta":{"footnotes":""},"class_list":["post-1560","page","type-page","status-publish","hentry"],"_links":{"self":[{"href":"https:\/\/jcee.wsgk.com.pl\/index.php?rest_route=\/wp\/v2\/pages\/1560"}],"collection":[{"href":"https:\/\/jcee.wsgk.com.pl\/index.php?rest_route=\/wp\/v2\/pages"}],"about":[{"href":"https:\/\/jcee.wsgk.com.pl\/index.php?rest_route=\/wp\/v2\/types\/page"}],"author":[{"embeddable":true,"href":"https:\/\/jcee.wsgk.com.pl\/index.php?rest_route=\/wp\/v2\/users\/1"}],"replies":[{"embeddable":true,"href":"https:\/\/jcee.wsgk.com.pl\/index.php?rest_route=%2Fwp%2Fv2%2Fcomments&post=1560"}],"version-history":[{"count":3,"href":"https:\/\/jcee.wsgk.com.pl\/index.php?rest_route=\/wp\/v2\/pages\/1560\/revisions"}],"predecessor-version":[{"id":1564,"href":"https:\/\/jcee.wsgk.com.pl\/index.php?rest_route=\/wp\/v2\/pages\/1560\/revisions\/1564"}],"wp:attachment":[{"href":"https:\/\/jcee.wsgk.com.pl\/index.php?rest_route=%2Fwp%2Fv2%2Fmedia&parent=1560"}],"curies":[{"name":"wp","href":"https:\/\/api.w.org\/{rel}","templated":true}]}}