{"id":1348,"date":"2023-05-08T10:20:52","date_gmt":"2023-05-08T08:20:52","guid":{"rendered":"http:\/\/jcee.wsgk.com.pl\/?page_id=1348"},"modified":"2023-05-08T10:26:19","modified_gmt":"2023-05-08T08:26:19","slug":"the-models-of-coalitions-process-in-the-formation-of-governmental-cabinets-theoretical-cut-and-review-of-literature","status":"publish","type":"page","link":"https:\/\/jcee.wsgk.com.pl\/?page_id=1348","title":{"rendered":"The models of coalitional process in the formation of governmental cabinets: theoretical cut and review of literature."},"content":{"rendered":"\n<p><strong>AUTHOR:<\/strong><br><em>S\u0142awomira Bia\u0142ob\u0142ocka<\/em><\/p>\n\n\n\n<p><strong>ABSTRACT:<\/strong><br>The article offers a review of literature on the theorization and systematization of models of coalitional process in the formation of governmental cabinets. It was demonstrated that all models of coalitional process can be divided into institutional and non-institutional, but most of them are characterized by game theories and theories of rational choice. At the same time, it was found that the models of coalitional process should be divided into formal and empirical as well as pragmatic and ideological. Nevertheless, it was stated that the isolated models of coalitional process in the formation of governmental cabinets are not exhaustive. Since the real coalitional process should be perceived as a gradation based on the ranking of various influence, which can be determined nationally and regionally.<\/p>\n\n\n\n<p><strong>DOWNLOAD FULL ARTICLE:<\/strong><\/p>\n\n\n\n<figure class=\"wp-block-image size-thumbnail\"><a href=\"https:\/\/jcee.wsgk.com.pl\/wp-content\/uploads\/archive_2019\/Bia\u0142ob\u0142ocka S. 11-2019.pdf\"><img decoding=\"async\" width=\"150\" height=\"150\" src=\"https:\/\/jcee.wsgk.com.pl\/wp-content\/uploads\/2023\/04\/vector-pdf-icon-symbol-sign-150x150.webp\" alt=\"\" class=\"wp-image-788\" srcset=\"https:\/\/jcee.wsgk.com.pl\/wp-content\/uploads\/2023\/04\/vector-pdf-icon-symbol-sign-150x150.webp 150w, https:\/\/jcee.wsgk.com.pl\/wp-content\/uploads\/2023\/04\/vector-pdf-icon-symbol-sign-300x300.webp 300w, https:\/\/jcee.wsgk.com.pl\/wp-content\/uploads\/2023\/04\/vector-pdf-icon-symbol-sign-1024x1024.webp 1024w, https:\/\/jcee.wsgk.com.pl\/wp-content\/uploads\/2023\/04\/vector-pdf-icon-symbol-sign-768x768.webp 768w, https:\/\/jcee.wsgk.com.pl\/wp-content\/uploads\/2023\/04\/vector-pdf-icon-symbol-sign-1536x1536.webp 1536w, https:\/\/jcee.wsgk.com.pl\/wp-content\/uploads\/2023\/04\/vector-pdf-icon-symbol-sign-2048x2048.webp 2048w\" sizes=\"(max-width: 150px) 100vw, 150px\" \/><\/a><\/figure>\n","protected":false},"excerpt":{"rendered":"<p>AUTHOR:S\u0142awomira Bia\u0142ob\u0142ocka ABSTRACT:The article offers a review of literature on the theorization and systematization of models of coalitional process in the formation of governmental cabinets. It was demonstrated that all models of coalitional process can be divided into institutional and non-institutional, but<\/p>\n<p class=\"link-more\"><a class=\"myButt \" href=\"https:\/\/jcee.wsgk.com.pl\/?page_id=1348\">Read More<\/a><\/p>\n","protected":false},"author":1,"featured_media":0,"parent":0,"menu_order":0,"comment_status":"closed","ping_status":"closed","template":"","meta":{"footnotes":""},"class_list":["post-1348","page","type-page","status-publish","hentry"],"_links":{"self":[{"href":"https:\/\/jcee.wsgk.com.pl\/index.php?rest_route=\/wp\/v2\/pages\/1348"}],"collection":[{"href":"https:\/\/jcee.wsgk.com.pl\/index.php?rest_route=\/wp\/v2\/pages"}],"about":[{"href":"https:\/\/jcee.wsgk.com.pl\/index.php?rest_route=\/wp\/v2\/types\/page"}],"author":[{"embeddable":true,"href":"https:\/\/jcee.wsgk.com.pl\/index.php?rest_route=\/wp\/v2\/users\/1"}],"replies":[{"embeddable":true,"href":"https:\/\/jcee.wsgk.com.pl\/index.php?rest_route=%2Fwp%2Fv2%2Fcomments&post=1348"}],"version-history":[{"count":4,"href":"https:\/\/jcee.wsgk.com.pl\/index.php?rest_route=\/wp\/v2\/pages\/1348\/revisions"}],"predecessor-version":[{"id":1357,"href":"https:\/\/jcee.wsgk.com.pl\/index.php?rest_route=\/wp\/v2\/pages\/1348\/revisions\/1357"}],"wp:attachment":[{"href":"https:\/\/jcee.wsgk.com.pl\/index.php?rest_route=%2Fwp%2Fv2%2Fmedia&parent=1348"}],"curies":[{"name":"wp","href":"https:\/\/api.w.org\/{rel}","templated":true}]}}